{"id":5457,"date":"2023-12-20T04:49:00","date_gmt":"2023-12-20T04:49:00","guid":{"rendered":"https:\/\/shippingcontainersuklimited.com\/product\/20ft-hi-cube-container-9%e2%80%b2-6%e2%80%b3-high-suitable-for-ibc-storage-sliding-door\/"},"modified":"2024-08-15T13:54:05","modified_gmt":"2024-08-15T13:54:05","slug":"20ft-hi-cube-container-9%e2%80%b2-6%e2%80%b3-high-suitable-for-ibc-storage-sliding-door","status":"publish","type":"product","link":"https:\/\/shippingcontainersuklimited.com\/nl_nl\/product\/20ft-hi-cube-container-9%e2%80%b2-6%e2%80%b3-high-suitable-for-ibc-storage-sliding-door\/","title":{"rendered":"20ft Hi Cube Container (9\u2032 6\u2033 high) suitable for IBC storage Sliding Door"},"content":{"rendered":"<div class=\"woocommerce-tabs wc-tabs-wrapper\">\n<div id=\"tab-description\" class=\"woocommerce-Tabs-panel woocommerce-Tabs-panel--description panel entry-content wc-tab\" role=\"tabpanel\" aria-labelledby=\"tab-title-description\">\n<p>Product Details<br \/>\n20ft x 8ft one trip High Cube (9ft 6\u2032) zeecontainers te koop. Ideaal voor IBC-tankopslag. In deze opslagcontainer passen 16 x 1000ltr IBC's.<br \/>\nNieuwe 20ft High Cube Container (voor IBC-opslag) KENMERKEN<br \/>\nNieuw - Alleen \u00e9\u00e9n reis<br \/>\nIdeaal voor IBC-tankopslag dankzij de extra hoogte<br \/>\nCSC-geplateerd (brutogewicht) max: 30 ton<br \/>\nConstructie van Cor-Ten staal<br \/>\nScharnierende dubbele buitendeuren aan \u00e9\u00e9n 8ft uiteinde en aan \u00e9\u00e9n 20ft zijde<br \/>\nTwee vergrendelingsstangen op elke deur<br \/>\nAf fabriek gemonteerde lockboxen<br \/>\n2 x heftruckzakken aan elke kant<br \/>\n28 mm multiplex vloer op stalen dwarsbalken<br \/>\n4 ventilatieopeningen<\/p>\n<\/div>\n<\/div>\n<section class=\"related products\"><\/section>","protected":false},"excerpt":{"rendered":"<div class=\"woocommerce-product-details__short-description\">\n<p>Nieuwe (\u00e9\u00e9n reis) 20ft hoge kubus (9ft 6\u2032) zeecontainer ideaal voor IBC opslag<\/p>\n<p>The storage facility with a sliding door built from a 20\u2032 i.e. 6 m Storage Container. Depending on the model, the long side of the container has one or two sliding doors made from the side pieces of the container. Excellent storage facility that can be loaded, for example, with a forklift and machines.<\/p>\n<\/div>\n<form class=\"cart\" action=\"https:\/\/r-hcontainerservice.com\/product\/20ft-hi-cube-container-9%e2%80%b2-6%e2%80%b3-high-suitable-for-ibc-storage-2\/\" enctype=\"multipart\/form-data\" method=\"post\">\n<div class=\"quantity\"><\/div>\n<\/form>","protected":false},"featured_media":5456,"comment_status":"open","ping_status":"closed","template":"","meta":[],"product_brand":[],"product_cat":[88,103,106],"product_tag":[],"class_list":{"0":"post-5457","1":"product","2":"type-product","3":"status-publish","4":"has-post-thumbnail","6":"product_cat-20ft-containers","7":"product_cat-containers-for-export","8":"product_cat-high-cube-containers","10":"first","11":"instock","12":"shipping-taxable","13":"purchasable","14":"product-type-simple"},"_links":{"self":[{"href":"https:\/\/shippingcontainersuklimited.com\/nl_nl\/wp-json\/wp\/v2\/product\/5457","targetHints":{"allow":["GET"]}}],"collection":[{"href":"https:\/\/shippingcontainersuklimited.com\/nl_nl\/wp-json\/wp\/v2\/product"}],"about":[{"href":"https:\/\/shippingcontainersuklimited.com\/nl_nl\/wp-json\/wp\/v2\/types\/product"}],"replies":[{"embeddable":true,"href":"https:\/\/shippingcontainersuklimited.com\/nl_nl\/wp-json\/wp\/v2\/comments?post=5457"}],"wp:featuredmedia":[{"embeddable":true,"href":"https:\/\/shippingcontainersuklimited.com\/nl_nl\/wp-json\/wp\/v2\/media\/5456"}],"wp:attachment":[{"href":"https:\/\/shippingcontainersuklimited.com\/nl_nl\/wp-json\/wp\/v2\/media?parent=5457"}],"wp:term":[{"taxonomy":"product_brand","embeddable":true,"href":"https:\/\/shippingcontainersuklimited.com\/nl_nl\/wp-json\/wp\/v2\/product_brand?post=5457"},{"taxonomy":"product_cat","embeddable":true,"href":"https:\/\/shippingcontainersuklimited.com\/nl_nl\/wp-json\/wp\/v2\/product_cat?post=5457"},{"taxonomy":"product_tag","embeddable":true,"href":"https:\/\/shippingcontainersuklimited.com\/nl_nl\/wp-json\/wp\/v2\/product_tag?post=5457"}],"curies":[{"name":"wp","href":"https:\/\/api.w.org\/{rel}","templated":true}]}}