{"id":5565,"date":"2023-12-20T04:50:00","date_gmt":"2023-12-20T04:50:00","guid":{"rendered":"https:\/\/shippingcontainersuklimited.com\/product\/40ft-full-side-access-container-high-cube-9%e2%80%b2-6%e2%80%b3-high\/"},"modified":"2024-08-13T16:22:31","modified_gmt":"2024-08-13T16:22:31","slug":"40ft-full-side-access-container-high-cube-9%e2%80%b2-6%e2%80%b3-high","status":"publish","type":"product","link":"https:\/\/shippingcontainersuklimited.com\/nl\/product\/40ft-full-side-access-container-high-cube-9%e2%80%b2-6%e2%80%b3-high\/","title":{"rendered":"40Ft hoge kubus met volledige zijtoegang (9\u2032 6\u2033 hoog)"},"content":{"rendered":"<p>40FT HOGE KUBUS OPEN ZIJCONTAINER TE KOOP KENMERKEN<br \/>\nNIEUW - Alleen \u00e9\u00e9n reis<br \/>\nZijopening van 11836 mm (38ft 9\u2033) zonder centrale paal<br \/>\nCSC geplateerd (brutogewicht) max: 24000KG<br \/>\nConstructie van Cor-Ten staal<br \/>\nDubbele buitendeuren met twee vergrendelingsstangen per deur aan \u00e9\u00e9n 8ft uiteinde en aan \u00e9\u00e9n 40ft zijde met drie vergrendelingsstangen op elke deur<br \/>\n28 mm multiplex vloer op stalen dwarsbalken<br \/>\n8 Openingen<br \/>\nEen stalen gebundelde vloer kan worden ge\u00efnstalleerd tegen een meerprijs<\/p>","protected":false},"excerpt":{"rendered":"<p>40FT HIGH CUBE OPEN SIDED CONTAINER FOR SALE FEATURES NEW \u2013 One Trip Only 11836mm (38ft 9\u2033) side opening with no central post CSC plated (gross weight) max: 24000KG All Cor-Ten Steel construction Exterior hinged double doors with Two locking bars per door at one 8ft end and on one 40ft side with Three locking [&hellip;]<\/p>\n","protected":false},"featured_media":5564,"comment_status":"open","ping_status":"closed","template":"","meta":[],"product_brand":[],"product_cat":[90,106],"product_tag":[],"class_list":{"0":"post-5565","1":"product","2":"type-product","3":"status-publish","4":"has-post-thumbnail","6":"product_cat-40ft-containers","7":"product_cat-high-cube-containers","9":"first","10":"instock","11":"shipping-taxable","12":"purchasable","13":"product-type-simple"},"_links":{"self":[{"href":"https:\/\/shippingcontainersuklimited.com\/nl\/wp-json\/wp\/v2\/product\/5565","targetHints":{"allow":["GET"]}}],"collection":[{"href":"https:\/\/shippingcontainersuklimited.com\/nl\/wp-json\/wp\/v2\/product"}],"about":[{"href":"https:\/\/shippingcontainersuklimited.com\/nl\/wp-json\/wp\/v2\/types\/product"}],"replies":[{"embeddable":true,"href":"https:\/\/shippingcontainersuklimited.com\/nl\/wp-json\/wp\/v2\/comments?post=5565"}],"wp:featuredmedia":[{"embeddable":true,"href":"https:\/\/shippingcontainersuklimited.com\/nl\/wp-json\/wp\/v2\/media\/5564"}],"wp:attachment":[{"href":"https:\/\/shippingcontainersuklimited.com\/nl\/wp-json\/wp\/v2\/media?parent=5565"}],"wp:term":[{"taxonomy":"product_brand","embeddable":true,"href":"https:\/\/shippingcontainersuklimited.com\/nl\/wp-json\/wp\/v2\/product_brand?post=5565"},{"taxonomy":"product_cat","embeddable":true,"href":"https:\/\/shippingcontainersuklimited.com\/nl\/wp-json\/wp\/v2\/product_cat?post=5565"},{"taxonomy":"product_tag","embeddable":true,"href":"https:\/\/shippingcontainersuklimited.com\/nl\/wp-json\/wp\/v2\/product_tag?post=5565"}],"curies":[{"name":"wp","href":"https:\/\/api.w.org\/{rel}","templated":true}]}}