{"id":6394,"date":"2024-02-15T22:34:00","date_gmt":"2024-02-15T22:34:00","guid":{"rendered":"https:\/\/shippingcontainersuklimited.com\/product\/container-shelving-fastfit-brackets-for-40ft-container-5-bays\/"},"modified":"2024-06-27T14:59:38","modified_gmt":"2024-06-27T14:59:38","slug":"container-shelving-bracket","status":"publish","type":"product","link":"https:\/\/shippingcontainersuklimited.com\/fr\/produit\/container-shelving-bracket\/","title":{"rendered":"\u00c9TAG\u00c8RES POUR CONTENEURS (SUPPORTS FASTFIT) POUR CONTENEURS DE 40 PIEDS (5 TRAV\u00c9ES)"},"content":{"rendered":"<section class=\"mce-content-body\" id=\"product_details\">\n<h2>Supports d'\u00e9tag\u00e8res pour conteneurs \u00e0 vendre<\/h2>\n<p><a href=\"https:\/\/shippingcontainersuklimited.com\/fr\/\">Conteneurs d'exp\u00e9dition uk limited<\/a> vous fournit un espace de stockage abordable. Supports d'\u00e9tag\u00e8res pour conteneurs \u00e0 vendre avec des supports FastFit faciles \u00e0 installer. Cette solution de rayonnage comprend cinq baies spacieuses con\u00e7ues pour am\u00e9liorer l'efficacit\u00e9 organisationnelle de tout grand conteneur d'exp\u00e9dition. Fabriqu\u00e9es \u00e0 partir de mat\u00e9riaux durables, ces \u00e9tag\u00e8res sont con\u00e7ues pour supporter de lourdes charges tout en facilitant l'acc\u00e8s et l'organisation des outils, de l'\u00e9quipement et des fournitures. Le syst\u00e8me de fixation FastFit Bracket permet une installation rapide sans n\u00e9cessiter d'outils ou d'aide professionnelle, ce qui en fait un choix id\u00e9al pour les besoins de stockage imm\u00e9diats.<\/p>\n<p><strong>Caract\u00e9ristiques principales :<\/strong><\/p>\n<ul>\n<li><strong>Construction durable :<\/strong> Fabriqu\u00e9 avec des mat\u00e9riaux tr\u00e8s r\u00e9sistants capables de supporter un poids important.<\/li>\n<li><strong>Installation facile :<\/strong> Les supports FastFit simplifient le processus d'assemblage, en s'enclenchant rapidement et en toute s\u00e9curit\u00e9.<\/li>\n<li><strong>Utilisation maximale de l'espace :<\/strong> Cinq trav\u00e9es de rayonnages permettent d'organiser et d'augmenter efficacement l'espace utilisable dans un conteneur de 40 pieds.<\/li>\n<li><strong>Utilisation polyvalente :<\/strong> Convient pour le stockage d'une vari\u00e9t\u00e9 d'articles, des outils industriels aux stocks de vente au d\u00e9tail.<\/li>\n<li><strong>\u00c9tag\u00e8res r\u00e9glables :<\/strong> La hauteur de chaque \u00e9tag\u00e8re peut \u00eatre facilement ajust\u00e9e pour s'adapter aux diff\u00e9rentes tailles d'objets.<\/li>\n<\/ul>\n<h3>Avantages des supports d'\u00e9tag\u00e8res pour conteneurs \u00e0 vendre<\/h3>\n<ol>\n<li><strong>Organisation efficace :<\/strong> Transformez votre conteneur en un espace de stockage bien organis\u00e9 qui permet d'acc\u00e9der facilement aux objets et de les ranger proprement.<\/li>\n<li><strong>Une installation qui permet de gagner du temps :<\/strong> Avec le syst\u00e8me de fixation FastFit, l'installation est simple et rapide, ce qui r\u00e9duit consid\u00e9rablement le temps et les efforts habituellement n\u00e9cessaires \u00e0 l'installation d'une \u00e9tag\u00e8re.<\/li>\n<li><strong>Capacit\u00e9 de stockage accrue :<\/strong> Utilisez efficacement l'espace vertical, ce qui permet de stocker davantage d'articles sans compromettre l'espace au sol.<\/li>\n<li><strong>Flexible et reconfigurable :<\/strong> Adaptez la configuration \u00e0 l'\u00e9volution de vos besoins de stockage au fil du temps ; les \u00e9tag\u00e8res peuvent \u00eatre repositionn\u00e9es ou retir\u00e9es si n\u00e9cessaire.<\/li>\n<li><strong>Rentable :<\/strong> Fournit une solution de stockage de grande valeur \u00e0 un faible co\u00fbt, notamment par rapport aux rayonnages externes ou \u00e0 la construction d'une infrastructure suppl\u00e9mentaire.<\/li>\n<\/ol>\n<p><a href=\"https:\/\/www.portablespace.co.uk\/product\/fast-fit-three-tier-racking-for-40ft-container\" target=\"_blank\" rel=\"noopener\">Supports de rayonnages pour conteneurs \u00e0 vendre<\/a> est un excellent compl\u00e9ment \u00e0 tout conteneur d'exp\u00e9dition, offrant \u00e0 la fois robustesse et flexibilit\u00e9 pour r\u00e9pondre \u00e0 une large gamme d'exigences de stockage, am\u00e9liorant \u00e0 la fois l'efficacit\u00e9 et l'organisation.<\/p>\n<\/section>\n<div id=\"product_meta\"><\/div>","protected":false},"excerpt":{"rendered":"<dl class=\"inline-pairs\">\n<dd>VENTE DE RAYONNAGES FASTFIT \u00c0 3 NIVEAUX 40FT<\/dd>\n<\/dl>","protected":false},"featured_media":6396,"comment_status":"open","ping_status":"closed","template":"","meta":[],"product_brand":[],"product_cat":[90],"product_tag":[],"class_list":{"0":"post-6394","1":"product","2":"type-product","3":"status-publish","4":"has-post-thumbnail","6":"product_cat-40ft-containers","8":"first","9":"instock","10":"shipping-taxable","11":"purchasable","12":"product-type-simple"},"_links":{"self":[{"href":"https:\/\/shippingcontainersuklimited.com\/fr\/wp-json\/wp\/v2\/product\/6394","targetHints":{"allow":["GET"]}}],"collection":[{"href":"https:\/\/shippingcontainersuklimited.com\/fr\/wp-json\/wp\/v2\/product"}],"about":[{"href":"https:\/\/shippingcontainersuklimited.com\/fr\/wp-json\/wp\/v2\/types\/product"}],"replies":[{"embeddable":true,"href":"https:\/\/shippingcontainersuklimited.com\/fr\/wp-json\/wp\/v2\/comments?post=6394"}],"wp:featuredmedia":[{"embeddable":true,"href":"https:\/\/shippingcontainersuklimited.com\/fr\/wp-json\/wp\/v2\/media\/6396"}],"wp:attachment":[{"href":"https:\/\/shippingcontainersuklimited.com\/fr\/wp-json\/wp\/v2\/media?parent=6394"}],"wp:term":[{"taxonomy":"product_brand","embeddable":true,"href":"https:\/\/shippingcontainersuklimited.com\/fr\/wp-json\/wp\/v2\/product_brand?post=6394"},{"taxonomy":"product_cat","embeddable":true,"href":"https:\/\/shippingcontainersuklimited.com\/fr\/wp-json\/wp\/v2\/product_cat?post=6394"},{"taxonomy":"product_tag","embeddable":true,"href":"https:\/\/shippingcontainersuklimited.com\/fr\/wp-json\/wp\/v2\/product_tag?post=6394"}],"curies":[{"name":"wp","href":"https:\/\/api.w.org\/{rel}","templated":true}]}}