{"id":5623,"date":"2023-12-20T04:50:00","date_gmt":"2023-12-20T04:50:00","guid":{"rendered":"https:\/\/shippingcontainersuklimited.com\/product\/8ft-shipping-container-one-trip-blue\/"},"modified":"2026-03-06T17:06:39","modified_gmt":"2026-03-06T17:06:39","slug":"8ft-shipping-container-one-trip-blue","status":"publish","type":"product","link":"https:\/\/shippingcontainersuklimited.com\/fr\/produit\/8ft-shipping-container-one-trip-blue\/","title":{"rendered":"8Ft Shipping Container One Trip (Blue)"},"content":{"rendered":"<p>NEW (ONE TRIP) 8FT CONTAINER (BLUE) FEATURES<br \/>\nNOUVEAU - Un seul voyage<br \/>\nConstruction enti\u00e8rement en acier Cor-Ten<br \/>\nPortes ext\u00e9rieures \u00e0 deux battants \u00e0 l'extr\u00e9mit\u00e9<br \/>\nUne barre de verrouillage sur CHAQUE porte<br \/>\nBo\u00eetier de fermeture mont\u00e9 en usine<br \/>\n2 x poches pour chariot \u00e9l\u00e9vateur<br \/>\nPlancher en contreplaqu\u00e9 marin de 28 mm sur des traverses en acier<br \/>\nAu moins 2 \u00e9vents par conteneur<\/p>","protected":false},"excerpt":{"rendered":"<p>NEW (ONE TRIP) 8FT CONTAINER (BLUE) FEATURES NEW \u2013 One Trip Only All Cor-Ten Steel construction Exterior hinged double doors at end One locking bars on EACH door Factory fitted lockbox 2 x forklift pockets 28mm Marine Plywood floor on steel cross\u00a0members Min 2 Vents per container<\/p>","protected":false},"featured_media":5622,"comment_status":"open","ping_status":"closed","template":"","meta":[],"product_brand":[],"product_cat":[91],"product_tag":[],"class_list":{"0":"post-5623","1":"product","2":"type-product","3":"status-publish","4":"has-post-thumbnail","6":"product_cat-8ft-x-10ft-containers","8":"first","9":"instock","10":"shipping-taxable","11":"purchasable","12":"product-type-simple"},"_links":{"self":[{"href":"https:\/\/shippingcontainersuklimited.com\/fr\/wp-json\/wp\/v2\/product\/5623","targetHints":{"allow":["GET"]}}],"collection":[{"href":"https:\/\/shippingcontainersuklimited.com\/fr\/wp-json\/wp\/v2\/product"}],"about":[{"href":"https:\/\/shippingcontainersuklimited.com\/fr\/wp-json\/wp\/v2\/types\/product"}],"replies":[{"embeddable":true,"href":"https:\/\/shippingcontainersuklimited.com\/fr\/wp-json\/wp\/v2\/comments?post=5623"}],"wp:featuredmedia":[{"embeddable":true,"href":"https:\/\/shippingcontainersuklimited.com\/fr\/wp-json\/wp\/v2\/media\/5622"}],"wp:attachment":[{"href":"https:\/\/shippingcontainersuklimited.com\/fr\/wp-json\/wp\/v2\/media?parent=5623"}],"wp:term":[{"taxonomy":"product_brand","embeddable":true,"href":"https:\/\/shippingcontainersuklimited.com\/fr\/wp-json\/wp\/v2\/product_brand?post=5623"},{"taxonomy":"product_cat","embeddable":true,"href":"https:\/\/shippingcontainersuklimited.com\/fr\/wp-json\/wp\/v2\/product_cat?post=5623"},{"taxonomy":"product_tag","embeddable":true,"href":"https:\/\/shippingcontainersuklimited.com\/fr\/wp-json\/wp\/v2\/product_tag?post=5623"}],"curies":[{"name":"wp","href":"https:\/\/api.w.org\/{rel}","templated":true}]}}