{"id":5577,"date":"2023-12-20T04:50:00","date_gmt":"2023-12-20T04:50:00","guid":{"rendered":"https:\/\/shippingcontainersuklimited.com\/product\/40ft-high-cube-container-one-trip-9ft-6%e2%80%b3-high-3\/"},"modified":"2024-08-15T14:20:29","modified_gmt":"2024-08-15T14:20:29","slug":"40ft-high-cube-container-one-trip-9ft-6%e2%80%b3-high-3","status":"publish","type":"product","link":"https:\/\/shippingcontainersuklimited.com\/fr\/produit\/40ft-high-cube-container-one-trip-9ft-6%e2%80%b3-high-3\/","title":{"rendered":"40Ft High Cube Container - One Trip (9Ft 6\u2033 High)"},"content":{"rendered":"<p>FEATURES<br \/>\nNOUVEAU - Un seul voyage<br \/>\nIdeal for Plant\/Digger storage due to extra height<br \/>\nPlaqu\u00e9 CSC (poids brut) max : 30 tonnes<br \/>\nAll \u2018Cor-Ten Steel\u2019 construction<br \/>\nPortes ext\u00e9rieures \u00e0 deux battants \u00e0 l'extr\u00e9mit\u00e9<br \/>\nDeux barres de verrouillage sur chaque porte<br \/>\nBo\u00eetier de fermeture mont\u00e9 en usine<br \/>\n2 x poches pour chariots \u00e9l\u00e9vateurs de chaque c\u00f4t\u00e9<br \/>\nPlancher en contreplaqu\u00e9 marin de 28 mm sur des traverses en acier<br \/>\n4 \u00e9vents<\/p>","protected":false},"excerpt":{"rendered":"<p>FEATURES NEW \u2013 One Trip Only Ideal for Plant\/Digger storage due to extra height CSC plated (gross weight) max: 30 ton All \u2018Cor-Ten Steel\u2019 construction Exterior hinged double doors at end Two locking bars on each door Factory fitted lockbox 2 x forklift pockets on each side 28mm Marine Plywood floor on steel cross\u00a0members 4 [&hellip;]<\/p>\n","protected":false},"featured_media":5576,"comment_status":"open","ping_status":"closed","template":"","meta":[],"product_brand":[],"product_cat":[90,106],"product_tag":[],"class_list":{"0":"post-5577","1":"product","2":"type-product","3":"status-publish","4":"has-post-thumbnail","6":"product_cat-40ft-containers","7":"product_cat-high-cube-containers","9":"first","10":"instock","11":"shipping-taxable","12":"purchasable","13":"product-type-simple"},"_links":{"self":[{"href":"https:\/\/shippingcontainersuklimited.com\/fr\/wp-json\/wp\/v2\/product\/5577","targetHints":{"allow":["GET"]}}],"collection":[{"href":"https:\/\/shippingcontainersuklimited.com\/fr\/wp-json\/wp\/v2\/product"}],"about":[{"href":"https:\/\/shippingcontainersuklimited.com\/fr\/wp-json\/wp\/v2\/types\/product"}],"replies":[{"embeddable":true,"href":"https:\/\/shippingcontainersuklimited.com\/fr\/wp-json\/wp\/v2\/comments?post=5577"}],"wp:featuredmedia":[{"embeddable":true,"href":"https:\/\/shippingcontainersuklimited.com\/fr\/wp-json\/wp\/v2\/media\/5576"}],"wp:attachment":[{"href":"https:\/\/shippingcontainersuklimited.com\/fr\/wp-json\/wp\/v2\/media?parent=5577"}],"wp:term":[{"taxonomy":"product_brand","embeddable":true,"href":"https:\/\/shippingcontainersuklimited.com\/fr\/wp-json\/wp\/v2\/product_brand?post=5577"},{"taxonomy":"product_cat","embeddable":true,"href":"https:\/\/shippingcontainersuklimited.com\/fr\/wp-json\/wp\/v2\/product_cat?post=5577"},{"taxonomy":"product_tag","embeddable":true,"href":"https:\/\/shippingcontainersuklimited.com\/fr\/wp-json\/wp\/v2\/product_tag?post=5577"}],"curies":[{"name":"wp","href":"https:\/\/api.w.org\/{rel}","templated":true}]}}