{"id":5461,"date":"2023-12-20T04:49:00","date_gmt":"2023-12-20T04:49:00","guid":{"rendered":"https:\/\/shippingcontainersuklimited.com\/product\/20ft-high-cube-container-hazardous-waste-container-side-opening-9ft-6%e2%80%b2-high\/"},"modified":"2024-08-12T20:17:38","modified_gmt":"2024-08-12T20:17:38","slug":"20ft-high-cube-container-hazardous-waste-container-side-opening-9ft-6%e2%80%b2-high","status":"publish","type":"product","link":"https:\/\/shippingcontainersuklimited.com\/fr\/produit\/20ft-high-cube-container-hazardous-waste-container-side-opening-9ft-6%e2%80%b2-high\/","title":{"rendered":"20ft High Cube Container \u2013 Hazardous Waste Container, Side opening (9ft 6\u2032 high)"},"content":{"rendered":"<div class=\"woocommerce-tabs wc-tabs-wrapper\">\n<div aria-labelledby=\"tab-title-description\" role=\"tabpanel\" class=\"woocommerce-Tabs-panel woocommerce-Tabs-panel--description panel entry-content wc-tab\" id=\"tab-description\">\n<p>With an external height of 9ft 6in, our 20ft high cube shipping containers are ideal for storage of plant machinery and taller equipment such as diggers.<br \/>\nThese new (one trip) high cube containers are available for sale online or by contacting our container sales team.<br \/>\nNew 20ft High Cube Container Features<br \/>\nNEW (one trip only)<br \/>\nIdeal for plant\/digger storage due to extra height<br \/>\nPlaqu\u00e9 CSC (poids brut) max : 30 tonnes<br \/>\nConstruction enti\u00e8rement en acier Cor-Ten<br \/>\nPortes ext\u00e9rieures \u00e0 deux battants \u00e0 l'extr\u00e9mit\u00e9<br \/>\nDeux barres de verrouillage sur chaque porte<br \/>\nBo\u00eetier de fermeture mont\u00e9 en usine<br \/>\n2 x poches pour chariots \u00e9l\u00e9vateurs de chaque c\u00f4t\u00e9<br \/>\nPlancher en contreplaqu\u00e9 marin de 28 mm sur des traverses en acier<br \/>\n4 \u00e9vents<br \/>\nCe conteneur est disponible \u00e0 l'achat en ligne et peut \u00eatre livr\u00e9 dans tout le Royaume-Uni.<br \/>\nIf you have any questions please contact our friendly container sales team.<br \/>\nLooking for a cheaper option? View our used 20ft high cube containers for sale<\/p>\n<\/div>\n<\/div>","protected":false},"excerpt":{"rendered":"<p>20ft High Cube Container - One Trip (9ft 6\u2032 de haut)<br \/>\n20\u2019 (6 m), side opening shipping container (CSC) with a containment tank.<\/p>","protected":false},"featured_media":5460,"comment_status":"open","ping_status":"closed","template":"","meta":[],"product_brand":[],"product_cat":[88,106],"product_tag":[],"class_list":{"0":"post-5461","1":"product","2":"type-product","3":"status-publish","4":"has-post-thumbnail","6":"product_cat-20ft-containers","7":"product_cat-high-cube-containers","9":"first","10":"instock","11":"shipping-taxable","12":"purchasable","13":"product-type-simple"},"_links":{"self":[{"href":"https:\/\/shippingcontainersuklimited.com\/fr\/wp-json\/wp\/v2\/product\/5461","targetHints":{"allow":["GET"]}}],"collection":[{"href":"https:\/\/shippingcontainersuklimited.com\/fr\/wp-json\/wp\/v2\/product"}],"about":[{"href":"https:\/\/shippingcontainersuklimited.com\/fr\/wp-json\/wp\/v2\/types\/product"}],"replies":[{"embeddable":true,"href":"https:\/\/shippingcontainersuklimited.com\/fr\/wp-json\/wp\/v2\/comments?post=5461"}],"wp:featuredmedia":[{"embeddable":true,"href":"https:\/\/shippingcontainersuklimited.com\/fr\/wp-json\/wp\/v2\/media\/5460"}],"wp:attachment":[{"href":"https:\/\/shippingcontainersuklimited.com\/fr\/wp-json\/wp\/v2\/media?parent=5461"}],"wp:term":[{"taxonomy":"product_brand","embeddable":true,"href":"https:\/\/shippingcontainersuklimited.com\/fr\/wp-json\/wp\/v2\/product_brand?post=5461"},{"taxonomy":"product_cat","embeddable":true,"href":"https:\/\/shippingcontainersuklimited.com\/fr\/wp-json\/wp\/v2\/product_cat?post=5461"},{"taxonomy":"product_tag","embeddable":true,"href":"https:\/\/shippingcontainersuklimited.com\/fr\/wp-json\/wp\/v2\/product_tag?post=5461"}],"curies":[{"name":"wp","href":"https:\/\/api.w.org\/{rel}","templated":true}]}}