{"id":5457,"date":"2023-12-20T04:49:00","date_gmt":"2023-12-20T04:49:00","guid":{"rendered":"https:\/\/shippingcontainersuklimited.com\/product\/20ft-hi-cube-container-9%e2%80%b2-6%e2%80%b3-high-suitable-for-ibc-storage-sliding-door\/"},"modified":"2024-08-15T13:54:05","modified_gmt":"2024-08-15T13:54:05","slug":"20ft-hi-cube-container-9%e2%80%b2-6%e2%80%b3-high-suitable-for-ibc-storage-sliding-door","status":"publish","type":"product","link":"https:\/\/shippingcontainersuklimited.com\/fr\/produit\/20ft-hi-cube-container-9%e2%80%b2-6%e2%80%b3-high-suitable-for-ibc-storage-sliding-door\/","title":{"rendered":"20ft Hi Cube Container (9\u2032 6\u2033 de haut) adapt\u00e9 au stockage IBC Porte coulissante"},"content":{"rendered":"<div class=\"woocommerce-tabs wc-tabs-wrapper\">\n<div id=\"tab-description\" class=\"woocommerce-Tabs-panel woocommerce-Tabs-panel--description panel entry-content wc-tab\" role=\"tabpanel\" aria-labelledby=\"tab-title-description\">\n<p>D\u00e9tails du produit<br \/>\nConteneurs maritimes 20ft x 8ft one trip High Cube (9ft 6\u2032) \u00e0 vendre. Id\u00e9al pour le stockage de r\u00e9servoirs IBC. Ce conteneur de stockage peut contenir 16 x 1000ltr IBC \u00e0 l'int\u00e9rieur.<br \/>\nNouveau conteneur 20ft High Cube Container (pour le stockage IBC) CARACT\u00c9RISTIQUES<br \/>\nNouveau - Un seul voyage<br \/>\nId\u00e9al pour le stockage de r\u00e9servoirs IBC gr\u00e2ce \u00e0 la hauteur suppl\u00e9mentaire<br \/>\nPlaqu\u00e9 CSC (poids brut) max : 30 tonnes<br \/>\nConstruction enti\u00e8rement en acier Cor-Ten<br \/>\nPortes ext\u00e9rieures \u00e0 deux battants \u00e0 une extr\u00e9mit\u00e9 de 8 pieds et sur un c\u00f4t\u00e9 de 20 pieds<br \/>\nDeux barres de verrouillage sur chaque porte<br \/>\nBo\u00eetiers de fermeture mont\u00e9s en usine<br \/>\n2 x poches pour chariots \u00e9l\u00e9vateurs de chaque c\u00f4t\u00e9<br \/>\nPlancher en contreplaqu\u00e9 marin de 28 mm sur des traverses en acier<br \/>\n4 \u00e9vents<\/p>\n<\/div>\n<\/div>\n<section class=\"related products\"><\/section>","protected":false},"excerpt":{"rendered":"<div class=\"woocommerce-product-details__short-description\">\n<p>Nouveau (un voyage) 20ft high cube (9ft 6\u2032) conteneur d'exp\u00e9dition id\u00e9al pour le stockage IBC<\/p>\n<p>L'installation de stockage avec une porte coulissante construite \u00e0 partir d'un conteneur de stockage de 20\u2032, soit 6 m. Selon le mod\u00e8le, le c\u00f4t\u00e9 long du conteneur comporte une ou deux portes coulissantes fabriqu\u00e9es \u00e0 partir des pi\u00e8ces lat\u00e9rales du conteneur. Excellente installation de stockage qui peut \u00eatre charg\u00e9e, par exemple, avec un chariot \u00e9l\u00e9vateur et des machines.<\/p>\n<\/div>\n<form class=\"cart\" action=\"https:\/\/r-hcontainerservice.com\/product\/20ft-hi-cube-container-9%e2%80%b2-6%e2%80%b3-high-suitable-for-ibc-storage-2\/\" enctype=\"multipart\/form-data\" method=\"post\">\n<div class=\"quantity\"><\/div>\n<\/form>","protected":false},"featured_media":5456,"comment_status":"open","ping_status":"closed","template":"","meta":[],"product_brand":[],"product_cat":[88,103,106],"product_tag":[],"class_list":{"0":"post-5457","1":"product","2":"type-product","3":"status-publish","4":"has-post-thumbnail","6":"product_cat-20ft-containers","7":"product_cat-containers-for-export","8":"product_cat-high-cube-containers","10":"first","11":"instock","12":"shipping-taxable","13":"purchasable","14":"product-type-simple"},"_links":{"self":[{"href":"https:\/\/shippingcontainersuklimited.com\/fr\/wp-json\/wp\/v2\/product\/5457","targetHints":{"allow":["GET"]}}],"collection":[{"href":"https:\/\/shippingcontainersuklimited.com\/fr\/wp-json\/wp\/v2\/product"}],"about":[{"href":"https:\/\/shippingcontainersuklimited.com\/fr\/wp-json\/wp\/v2\/types\/product"}],"replies":[{"embeddable":true,"href":"https:\/\/shippingcontainersuklimited.com\/fr\/wp-json\/wp\/v2\/comments?post=5457"}],"wp:featuredmedia":[{"embeddable":true,"href":"https:\/\/shippingcontainersuklimited.com\/fr\/wp-json\/wp\/v2\/media\/5456"}],"wp:attachment":[{"href":"https:\/\/shippingcontainersuklimited.com\/fr\/wp-json\/wp\/v2\/media?parent=5457"}],"wp:term":[{"taxonomy":"product_brand","embeddable":true,"href":"https:\/\/shippingcontainersuklimited.com\/fr\/wp-json\/wp\/v2\/product_brand?post=5457"},{"taxonomy":"product_cat","embeddable":true,"href":"https:\/\/shippingcontainersuklimited.com\/fr\/wp-json\/wp\/v2\/product_cat?post=5457"},{"taxonomy":"product_tag","embeddable":true,"href":"https:\/\/shippingcontainersuklimited.com\/fr\/wp-json\/wp\/v2\/product_tag?post=5457"}],"curies":[{"name":"wp","href":"https:\/\/api.w.org\/{rel}","templated":true}]}}