{"id":5413,"date":"2023-12-20T04:49:00","date_gmt":"2023-12-20T04:49:00","guid":{"rendered":"https:\/\/shippingcontainersuklimited.com\/product\/10ft-x-8ft-shipping-container-one-trip-white\/"},"modified":"2024-08-12T14:40:57","modified_gmt":"2024-08-12T14:40:57","slug":"8ft-shipping-container","status":"publish","type":"product","link":"https:\/\/shippingcontainersuklimited.com\/fr\/produit\/8ft-shipping-container\/","title":{"rendered":"Conteneur d'exp\u00e9dition de 8 pieds (un voyage) - Blanc"},"content":{"rendered":"<h2>8ft Shipping Container for sale uk<\/h2>\n<p>Le conteneur d'exp\u00e9dition de 8 pieds \u00e0 vendre par Shipping Containers UK Limited offre une solution compacte et efficace pour les besoins de stockage personnels et professionnels. Id\u00e9al pour les espaces restreints ou comme unit\u00e9 suppl\u00e9mentaire de stockage, ce conteneur allie durabilit\u00e9 et commodit\u00e9. Fabriqu\u00e9 en acier de haute qualit\u00e9 r\u00e9sistant \u00e0 la corrosion, il offre un environnement s\u00e9curis\u00e9 pour le stockage d'outils, d'\u00e9quipements ou d'objets personnels. Le <a href=\"https:\/\/www.portablespace.co.uk\/product\/8ft-x-8ft-one-trip-shipping-container-blue\" target=\"_blank\" rel=\"noopener\">Conteneur d'exp\u00e9dition de 8 pieds \u00e0 vendre au Royaume-Uni<\/a> L'encombrement au sol facilite sa mise en place et son transport, tandis que sa construction robuste garantit sa s\u00e9curit\u00e9 et sa long\u00e9vit\u00e9 dans diverses conditions environnementales.<\/p>\n<p><strong>Caract\u00e9ristiques principales :<\/strong><\/p>\n<ul>\n<li><strong>Conception compacte :<\/strong> Id\u00e9al pour les espaces restreints et facile \u00e0 positionner dans presque tous les endroits.<\/li>\n<li><strong>Construction durable :<\/strong> Construit en acier de haute qualit\u00e9, con\u00e7u pour r\u00e9sister aux \u00e9l\u00e9ments et s\u00e9curiser votre contenu.<\/li>\n<li><strong>Acc\u00e8s facile :<\/strong> Le m\u00e9canisme de la porte, simple et efficace, permet d'acc\u00e9der rapidement et facilement aux objets stock\u00e9s.<\/li>\n<li><strong>Personnalisable :<\/strong> Il peut \u00eatre adapt\u00e9 \u00e0 toute une s\u00e9rie d'utilisations au-del\u00e0 du simple stockage, notamment en tant que mini-atelier ou entrep\u00f4t s\u00e9curis\u00e9.<\/li>\n<li><strong>Peu d'entretien :<\/strong> N\u00e9cessite un minimum d'entretien gr\u00e2ce \u00e0 sa construction et \u00e0 ses mat\u00e9riaux de haute qualit\u00e9.<\/li>\n<\/ul>\n<h3>Avantages d'un conteneur d'exp\u00e9dition de 8 pieds<\/h3>\n<ol>\n<li><strong>Efficacit\u00e9 de l'espace :<\/strong> Parfait pour les sites disposant d'un espace limit\u00e9, il offre un stockage ad\u00e9quat sans n\u00e9cessiter un grand encombrement.<\/li>\n<li><strong>Rentable :<\/strong> Offre une solution de stockage \u00e9conomique avec des co\u00fbts d'achat et d'entretien inf\u00e9rieurs \u00e0 ceux des conteneurs plus grands.<\/li>\n<li><strong>Polyvalence :<\/strong> Malgr\u00e9 sa taille, il est extr\u00eamement polyvalent et peut \u00eatre utilis\u00e9 dans divers contextes, des chantiers de construction aux propri\u00e9t\u00e9s r\u00e9sidentielles.<\/li>\n<li><strong>Portabilit\u00e9 :<\/strong> Sa taille compacte le rend plus facile \u00e0 transporter et \u00e0 d\u00e9placer que les conteneurs plus grands, ce qui offre une grande souplesse d'utilisation.<\/li>\n<li><strong>La s\u00e9curit\u00e9 :<\/strong> Comme tous les conteneurs d'exp\u00e9dition, il est con\u00e7u pour \u00eatre s\u00e9curis\u00e9 et prot\u00e9ger son contenu contre le vol, les intemp\u00e9ries et les parasites.<\/li>\n<\/ol>\n<p>Le conteneur d'exp\u00e9dition de 8 pieds \u00e0 vendre au Royaume-Uni <a href=\"https:\/\/shippingcontainersuklimited.com\/fr\/\" target=\"_blank\" rel=\"noopener\">Conteneurs d'exp\u00e9dition UK Limited<\/a> est un excellent choix pour ceux qui ont besoin d'une option de stockage plus petite et polyvalente qui conserve tous les avantages des conteneurs d'exp\u00e9dition plus grands, mais dans une taille plus facile \u00e0 g\u00e9rer. Que vous cherchiez \u00e0 augmenter votre capacit\u00e9 de stockage ou que vous ayez besoin d'un espace portable et s\u00e9curis\u00e9, ce conteneur est con\u00e7u pour r\u00e9pondre \u00e0 vos besoins de mani\u00e8re efficace et fiable.<\/p>\n<h3>NOUVEAU (UN SEUL VOYAGE) Conteneur de 8 pieds \u00e0 vendre FR\u00c9QUENCES<\/h3>\n<ul>\n<li>NOUVEAU - Un seul voyage<\/li>\n<li>Construction enti\u00e8rement en acier Cor-Ten<\/li>\n<li>Portes ext\u00e9rieures \u00e0 deux battants \u00e0 l'extr\u00e9mit\u00e9<\/li>\n<li>Une barre de verrouillage sur CHAQUE porte<\/li>\n<li>Bo\u00eetier de fermeture mont\u00e9 en usine<\/li>\n<li>2 x poches pour chariot \u00e9l\u00e9vateur<\/li>\n<li>Plancher en contreplaqu\u00e9 marin de 28 mm sur des traverses en acier<\/li>\n<li>Au moins 2 \u00e9vents par conteneur<\/li>\n<\/ul>\n<p>Ce conteneur est disponible \u00e0 l'achat en ligne et peut \u00eatre livr\u00e9 dans tout le Royaume-Uni.<\/p>","protected":false},"excerpt":{"rendered":"<p>8ft Shipping Container for sale uk The 8ft Shipping container for sale uk \u00a0from Shipping Containers UK Limited offers a compact, efficient solution for both personal and business storage needs. Ideal for space-restricted areas or as a supplementary unit for additional storage, this container combines durability with convenience. Made from high-grade, corrosion-resistant steel, it provides [&hellip;]<\/p>\n","protected":false},"featured_media":5412,"comment_status":"open","ping_status":"closed","template":"","meta":[],"product_brand":[],"product_cat":[91],"product_tag":[],"class_list":{"0":"post-5413","1":"product","2":"type-product","3":"status-publish","4":"has-post-thumbnail","6":"product_cat-8ft-x-10ft-containers","8":"first","9":"instock","10":"shipping-taxable","11":"purchasable","12":"product-type-simple"},"_links":{"self":[{"href":"https:\/\/shippingcontainersuklimited.com\/fr\/wp-json\/wp\/v2\/product\/5413","targetHints":{"allow":["GET"]}}],"collection":[{"href":"https:\/\/shippingcontainersuklimited.com\/fr\/wp-json\/wp\/v2\/product"}],"about":[{"href":"https:\/\/shippingcontainersuklimited.com\/fr\/wp-json\/wp\/v2\/types\/product"}],"replies":[{"embeddable":true,"href":"https:\/\/shippingcontainersuklimited.com\/fr\/wp-json\/wp\/v2\/comments?post=5413"}],"wp:featuredmedia":[{"embeddable":true,"href":"https:\/\/shippingcontainersuklimited.com\/fr\/wp-json\/wp\/v2\/media\/5412"}],"wp:attachment":[{"href":"https:\/\/shippingcontainersuklimited.com\/fr\/wp-json\/wp\/v2\/media?parent=5413"}],"wp:term":[{"taxonomy":"product_brand","embeddable":true,"href":"https:\/\/shippingcontainersuklimited.com\/fr\/wp-json\/wp\/v2\/product_brand?post=5413"},{"taxonomy":"product_cat","embeddable":true,"href":"https:\/\/shippingcontainersuklimited.com\/fr\/wp-json\/wp\/v2\/product_cat?post=5413"},{"taxonomy":"product_tag","embeddable":true,"href":"https:\/\/shippingcontainersuklimited.com\/fr\/wp-json\/wp\/v2\/product_tag?post=5413"}],"curies":[{"name":"wp","href":"https:\/\/api.w.org\/{rel}","templated":true}]}}