{"id":3,"date":"2023-04-26T12:45:03","date_gmt":"2023-04-26T12:45:03","guid":{"rendered":"https:\/\/shippingcontainersuklimited.com\/?page_id=3"},"modified":"2026-03-04T16:06:08","modified_gmt":"2026-03-04T16:06:08","slug":"privacy-policy","status":"publish","type":"page","link":"https:\/\/shippingcontainersuklimited.com\/fr\/privacy-policy\/","title":{"rendered":"Politique de confidentialit\u00e9"},"content":{"rendered":"<div data-elementor-type=\"wp-page\" data-elementor-id=\"3\" class=\"elementor elementor-3\" data-elementor-post-type=\"page\">\n\t\t\t\t<div class=\"elementor-element elementor-element-220d68c e-flex e-con-boxed e-con e-parent\" data-id=\"220d68c\" data-element_type=\"container\" data-e-type=\"container\" data-settings=\"{&quot;background_background&quot;:&quot;classic&quot;}\">\n\t\t\t\t\t<div class=\"e-con-inner\">\n\t\t<div class=\"elementor-element elementor-element-335322ac e-flex e-con-boxed e-con e-child\" data-id=\"335322ac\" data-element_type=\"container\" data-e-type=\"container\">\n\t\t\t\t\t<div class=\"e-con-inner\">\n\t\t\t\t\t<\/div>\n\t\t\t\t<\/div>\n\t\t\t\t\t<\/div>\n\t\t\t\t<\/div>\n\t\t<div class=\"elementor-element elementor-element-81038ac e-flex e-con-boxed e-con e-parent\" data-id=\"81038ac\" data-element_type=\"container\" data-e-type=\"container\">\n\t\t\t\t\t<div class=\"e-con-inner\">\n\t\t<div class=\"elementor-element elementor-element-a07457e e-flex e-con-boxed e-con e-child\" data-id=\"a07457e\" data-element_type=\"container\" data-e-type=\"container\">\n\t\t\t\t\t<div class=\"e-con-inner\">\n\t\t\t\t<div class=\"elementor-element elementor-element-7c109cb elementor-widget elementor-widget-spacer\" data-id=\"7c109cb\" data-element_type=\"widget\" data-e-type=\"widget\" data-widget_type=\"spacer.default\">\n\t\t\t\t<div class=\"elementor-widget-container\">\n\t\t\t\t\t\t\t<div class=\"elementor-spacer\">\n\t\t\t<div class=\"elementor-spacer-inner\"><\/div>\n\t\t<\/div>\n\t\t\t\t\t\t<\/div>\n\t\t\t\t<\/div>\n\t\t\t\t<div class=\"elementor-element elementor-element-95b1e47 elementor-widget elementor-widget-text-editor\" data-id=\"95b1e47\" data-element_type=\"widget\" data-e-type=\"widget\" data-widget_type=\"text-editor.default\">\n\t\t\t\t<div class=\"elementor-widget-container\">\n\t\t\t\t\t\t\t\t\t<div data-testid=\"conversation-turn-3\"><div data-message-author-role=\"assistant\" data-message-id=\"5ff24c26-8fdd-4c95-a6fa-1e0967366bf6\"><div data-elementor-type=\"wp-page\" data-elementor-id=\"2545\"><section data-id=\"6547882c\" data-element_type=\"section\" data-settings=\"{&quot;background_background&quot;:&quot;classic&quot;}\"><div data-id=\"68532147\" data-element_type=\"column\"><section data-id=\"6929874e\" data-element_type=\"section\"><div data-id=\"7121e562\" data-element_type=\"column\"><div data-id=\"3344cca\" data-element_type=\"widget\" data-settings=\"{&quot;_animation&quot;:&quot;fadeIn&quot;}\" data-widget_type=\"text-editor.default\"><p>Shipping Containers UK Limited s'engage \u00e0 prot\u00e9ger la confidentialit\u00e9 et la s\u00e9curit\u00e9 de vos informations personnelles. La pr\u00e9sente politique de confidentialit\u00e9 explique comment nous recueillons, utilisons, divulguons et prot\u00e9geons vos donn\u00e9es lorsque vous utilisez notre site web, achetez nos produits ou utilisez nos services. En acc\u00e9dant \u00e0 notre site web ou en nous fournissant vos informations, vous acceptez les pratiques d\u00e9crites dans la pr\u00e9sente politique de confidentialit\u00e9.<\/p><\/div><\/div><\/section><\/div><\/section><\/div><\/div><\/div>\t\t\t\t\t\t\t\t<\/div>\n\t\t\t\t<\/div>\n\t\t\t\t<div class=\"elementor-element elementor-element-a5a7948 elementor-widget elementor-widget-heading\" data-id=\"a5a7948\" data-element_type=\"widget\" data-e-type=\"widget\" data-widget_type=\"heading.default\">\n\t\t\t\t<div class=\"elementor-widget-container\">\n\t\t\t\t\t<h2 class=\"elementor-heading-title elementor-size-default\">Informations recueillies :\n\n<\/h2>\t\t\t\t<\/div>\n\t\t\t\t<\/div>\n\t\t\t\t<div class=\"elementor-element elementor-element-5bae711 elementor-widget elementor-widget-text-editor\" data-id=\"5bae711\" data-element_type=\"widget\" data-e-type=\"widget\" data-widget_type=\"text-editor.default\">\n\t\t\t\t<div class=\"elementor-widget-container\">\n\t\t\t\t\t\t\t\t\t<div data-testid=\"conversation-turn-3\"><div data-message-author-role=\"assistant\" data-message-id=\"5ff24c26-8fdd-4c95-a6fa-1e0967366bf6\"><div data-elementor-type=\"wp-page\" data-elementor-id=\"2545\"><section data-id=\"6547882c\" data-element_type=\"section\" data-settings=\"{&quot;background_background&quot;:&quot;classic&quot;}\"><div data-id=\"68532147\" data-element_type=\"column\"><section data-id=\"6929874e\" data-element_type=\"section\"><div data-id=\"7121e562\" data-element_type=\"column\"><div data-id=\"3344cca\" data-element_type=\"widget\" data-settings=\"{&quot;_animation&quot;:&quot;fadeIn&quot;}\" data-widget_type=\"text-editor.default\"><ol><li><p>Informations personnelles : Lorsque vous interagissez avec nous, que vous effectuez des achats ou que vous cr\u00e9ez un compte sur notre site web, nous pouvons recueillir des donn\u00e9es personnelles telles que votre nom, votre adresse, votre adresse \u00e9lectronique, votre num\u00e9ro de t\u00e9l\u00e9phone, vos informations de paiement et d'autres informations pertinentes.<\/p><\/li><li><p>Informations sur l'utilisation du site web : Lors de votre visite sur notre site web, certaines informations telles que votre adresse IP, le type de navigateur, le syst\u00e8me d'exploitation, les URL de r\u00e9f\u00e9rence et d'autres donn\u00e9es d'utilisation peuvent \u00eatre collect\u00e9es automatiquement. Ces donn\u00e9es nous aident \u00e0 analyser les tendances, \u00e0 g\u00e9rer le site, \u00e0 suivre l'activit\u00e9 des utilisateurs et \u00e0 recueillir des informations d\u00e9mographiques \u00e0 des fins statistiques.<\/p><\/li><\/ol><\/div><\/div><\/section><\/div><\/section><\/div><\/div><\/div>\t\t\t\t\t\t\t\t<\/div>\n\t\t\t\t<\/div>\n\t\t\t\t<div class=\"elementor-element elementor-element-1d32bc5 elementor-widget elementor-widget-heading\" data-id=\"1d32bc5\" data-element_type=\"widget\" data-e-type=\"widget\" data-widget_type=\"heading.default\">\n\t\t\t\t<div class=\"elementor-widget-container\">\n\t\t\t\t\t<h2 class=\"elementor-heading-title elementor-size-default\">Comment nous utilisons vos donn\u00e9es :\n\n<\/h2>\t\t\t\t<\/div>\n\t\t\t\t<\/div>\n\t\t\t\t<div class=\"elementor-element elementor-element-6ff15c6 elementor-widget elementor-widget-text-editor\" data-id=\"6ff15c6\" data-element_type=\"widget\" data-e-type=\"widget\" data-widget_type=\"text-editor.default\">\n\t\t\t\t<div class=\"elementor-widget-container\">\n\t\t\t\t\t\t\t\t\t<ol><li><p>Fournir des produits et des services : Nous utilisons vos informations personnelles pour traiter et ex\u00e9cuter vos commandes, livrer des produits, offrir une assistance \u00e0 la client\u00e8le et r\u00e9pondre \u00e0 toute question relative \u00e0 vos achats.<\/p><\/li><li><p>Communications marketing : Avec votre consentement, nous pouvons utiliser vos coordonn\u00e9es pour vous envoyer des courriels promotionnels ou des bulletins d'information sur nos produits, nos services et nos offres sp\u00e9ciales. Vous pouvez \u00e0 tout moment refuser ces communications en suivant les instructions de d\u00e9sabonnement fournies dans les courriels ou en nous contactant directement.<\/p><\/li><li><p>Am\u00e9liorer l'exp\u00e9rience de l'utilisateur : Nous utilisons les informations relatives \u00e0 l'utilisation du site web pour am\u00e9liorer la fonctionnalit\u00e9 de notre site, identifier et rectifier les probl\u00e8mes techniques et am\u00e9liorer l'exp\u00e9rience globale de l'utilisateur.<\/p><\/li><li><p>Respect de la loi : Vos informations peuvent \u00eatre trait\u00e9es pour respecter les lois, r\u00e9glementations et proc\u00e9dures juridiques applicables ou pour r\u00e9pondre \u00e0 une demande l\u00e9gitime des forces de l'ordre ou des autorit\u00e9s gouvernementales.<\/p><\/li><\/ol>\t\t\t\t\t\t\t\t<\/div>\n\t\t\t\t<\/div>\n\t\t\t\t<div class=\"elementor-element elementor-element-3d436e0 elementor-widget elementor-widget-heading\" data-id=\"3d436e0\" data-element_type=\"widget\" data-e-type=\"widget\" data-widget_type=\"heading.default\">\n\t\t\t\t<div class=\"elementor-widget-container\">\n\t\t\t\t\t<h2 class=\"elementor-heading-title elementor-size-default\">Comment nous partageons vos informations :\n\n<\/h2>\t\t\t\t<\/div>\n\t\t\t\t<\/div>\n\t\t\t\t<div class=\"elementor-element elementor-element-db3d6bd elementor-widget elementor-widget-text-editor\" data-id=\"db3d6bd\" data-element_type=\"widget\" data-e-type=\"widget\" data-widget_type=\"text-editor.default\">\n\t\t\t\t<div class=\"elementor-widget-container\">\n\t\t\t\t\t\t\t\t\t<ol><li><p>Prestataires de services tiers : Nous pouvons partager vos informations personnelles avec des prestataires de services tiers de confiance qui nous aident \u00e0 g\u00e9rer nos activit\u00e9s. Il s'agit notamment de soci\u00e9t\u00e9s de traitement des paiements, de soci\u00e9t\u00e9s d'exp\u00e9dition et de fournisseurs de services \u00e0 la client\u00e8le. Ces partenaires ont acc\u00e8s \u00e0 vos donn\u00e9es uniquement pour effectuer des t\u00e2ches sp\u00e9cifiques en notre nom et sont tenus de ne pas les divulguer ou les utiliser \u00e0 d'autres fins.<\/p><\/li><li><p>Transferts d'activit\u00e9s : Si Shipping Containers UK Limited fait l'objet d'une fusion, d'une acquisition ou d'une vente d'actifs, vos informations personnelles peuvent faire partie des actifs transf\u00e9r\u00e9s.<\/p><\/li><li><p>Obligations l\u00e9gales : Vos informations peuvent \u00eatre divulgu\u00e9es pour se conformer aux lois, r\u00e9glementations, proc\u00e9dures l\u00e9gales ou demandes gouvernementales ex\u00e9cutoires.<\/p><\/li><\/ol>\t\t\t\t\t\t\t\t<\/div>\n\t\t\t\t<\/div>\n\t\t\t\t<div class=\"elementor-element elementor-element-49690b1 elementor-widget elementor-widget-heading\" data-id=\"49690b1\" data-element_type=\"widget\" data-e-type=\"widget\" data-widget_type=\"heading.default\">\n\t\t\t\t<div class=\"elementor-widget-container\">\n\t\t\t\t\t<h2 class=\"elementor-heading-title elementor-size-default\">S\u00e9curit\u00e9 de vos informations :\n\n<\/h2>\t\t\t\t<\/div>\n\t\t\t\t<\/div>\n\t\t\t\t<div class=\"elementor-element elementor-element-3227436 elementor-widget elementor-widget-text-editor\" data-id=\"3227436\" data-element_type=\"widget\" data-e-type=\"widget\" data-widget_type=\"text-editor.default\">\n\t\t\t\t<div class=\"elementor-widget-container\">\n\t\t\t\t\t\t\t\t\t<p>Nous mettons en \u0153uvre des mesures de s\u00e9curit\u00e9 raisonnables pour prot\u00e9ger vos informations personnelles contre tout acc\u00e8s, modification, divulgation ou destruction non autoris\u00e9s. Toutefois, sachez qu'aucune m\u00e9thode de transmission de donn\u00e9es sur l'internet ou de stockage \u00e9lectronique n'est totalement infaillible et que nous ne pouvons pas garantir une s\u00e9curit\u00e9 absolue.<\/p>\t\t\t\t\t\t\t\t<\/div>\n\t\t\t\t<\/div>\n\t\t\t\t<div class=\"elementor-element elementor-element-f4f34ce elementor-widget elementor-widget-heading\" data-id=\"f4f34ce\" data-element_type=\"widget\" data-e-type=\"widget\" data-widget_type=\"heading.default\">\n\t\t\t\t<div class=\"elementor-widget-container\">\n\t\t\t\t\t<h2 class=\"elementor-heading-title elementor-size-default\">Vos droits :\n\n<\/h2>\t\t\t\t<\/div>\n\t\t\t\t<\/div>\n\t\t\t\t<div class=\"elementor-element elementor-element-36be692 elementor-widget elementor-widget-text-editor\" data-id=\"36be692\" data-element_type=\"widget\" data-e-type=\"widget\" data-widget_type=\"text-editor.default\">\n\t\t\t\t<div class=\"elementor-widget-container\">\n\t\t\t\t\t\t\t\t\t<p>Vous disposez d'un droit d'acc\u00e8s, de rectification, de mise \u00e0 jour et de suppression de vos informations personnelles d\u00e9tenues par Shipping Containers UK Limited. Pour exercer l'un de ces droits, veuillez nous contacter en utilisant les informations fournies ci-dessous.<\/p>\t\t\t\t\t\t\t\t<\/div>\n\t\t\t\t<\/div>\n\t\t\t\t<div class=\"elementor-element elementor-element-8daf289 elementor-widget elementor-widget-heading\" data-id=\"8daf289\" data-element_type=\"widget\" data-e-type=\"widget\" data-widget_type=\"heading.default\">\n\t\t\t\t<div class=\"elementor-widget-container\">\n\t\t\t\t\t<h2 class=\"elementor-heading-title elementor-size-default\">Modifications de la pr\u00e9sente politique de confidentialit\u00e9 :\n\n<\/h2>\t\t\t\t<\/div>\n\t\t\t\t<\/div>\n\t\t\t\t<div class=\"elementor-element elementor-element-7be6187 elementor-widget elementor-widget-text-editor\" data-id=\"7be6187\" data-element_type=\"widget\" data-e-type=\"widget\" data-widget_type=\"text-editor.default\">\n\t\t\t\t<div class=\"elementor-widget-container\">\n\t\t\t\t\t\t\t\t\t<p>Nous pouvons p\u00e9riodiquement mettre \u00e0 jour la pr\u00e9sente politique de protection de la vie priv\u00e9e pour refl\u00e9ter des changements dans nos pratiques ou pour des raisons op\u00e9rationnelles, juridiques ou r\u00e9glementaires. Nous publierons la version r\u00e9vis\u00e9e de la politique de confidentialit\u00e9 sur notre site web et mettrons \u00e0 jour la \"date d'entr\u00e9e en vigueur\" en haut de cette page.<\/p>\t\t\t\t\t\t\t\t<\/div>\n\t\t\t\t<\/div>\n\t\t\t\t<div class=\"elementor-element elementor-element-e7c7d61 elementor-widget elementor-widget-heading\" data-id=\"e7c7d61\" data-element_type=\"widget\" data-e-type=\"widget\" data-widget_type=\"heading.default\">\n\t\t\t\t<div class=\"elementor-widget-container\">\n\t\t\t\t\t<h2 class=\"elementor-heading-title elementor-size-default\">Nous contacter :\n\n<\/h2>\t\t\t\t<\/div>\n\t\t\t\t<\/div>\n\t\t\t\t<div class=\"elementor-element elementor-element-b0f3de4 elementor-widget elementor-widget-text-editor\" data-id=\"b0f3de4\" data-element_type=\"widget\" data-e-type=\"widget\" data-widget_type=\"text-editor.default\">\n\t\t\t\t<div class=\"elementor-widget-container\">\n\t\t\t\t\t\t\t\t\t<div>\n<div>\n<div data-testid=\"conversation-turn-21\">\n<div>\n<div>\n<div>\n<div>\n<div>\n<div data-message-author-role=\"assistant\" data-message-id=\"b063f85c-6458-40fd-ba4b-bcc2fc135e81\">\n<div>\n<p>Si vous avez des questions, des pr\u00e9occupations ou des demandes concernant la pr\u00e9sente politique de confidentialit\u00e9 ou nos pratiques en mati\u00e8re de donn\u00e9es, veuillez nous contacter \u00e0 l'adresse suivante :<\/p>\n<p>Shipping Containers UK Limited,<\/p>\n<p><b>Address: 7 Stamford Square, Lancashire, Ashton-U-Lyne OL6 6QU<\/b><\/p>\n<p><b>Courriel : info@shippingcontainersuklimited.com<\/b><\/p>\n<p><b>Phone: +447476602938<\/b><\/p>\n<p>En utilisant notre site web ou en nous fournissant vos informations, vous reconnaissez avoir lu et compris la pr\u00e9sente politique de protection de la vie priv\u00e9e et en accepter les termes.<\/p>\n<\/div>\n<\/div>\n<\/div>\n<\/div>\n<\/div>\n<\/div>\n<\/div>\n<\/div>\n<\/div>\n<\/div>\t\t\t\t\t\t\t\t<\/div>\n\t\t\t\t<\/div>\n\t\t\t\t\t<\/div>\n\t\t\t\t<\/div>\n\t\t\t\t<div class=\"elementor-element elementor-element-21774ae elementor-widget elementor-widget-spacer\" data-id=\"21774ae\" data-element_type=\"widget\" data-e-type=\"widget\" data-widget_type=\"spacer.default\">\n\t\t\t\t<div class=\"elementor-widget-container\">\n\t\t\t\t\t\t\t<div class=\"elementor-spacer\">\n\t\t\t<div class=\"elementor-spacer-inner\"><\/div>\n\t\t<\/div>\n\t\t\t\t\t\t<\/div>\n\t\t\t\t<\/div>\n\t\t\t\t\t<\/div>\n\t\t\t\t<\/div>\n\t\t\t\t<\/div>","protected":false},"excerpt":{"rendered":"<p>At Shipping Containers UK Limited, we are deeply committed to safeguarding your personal information&#8217;s privacy and security. This Privacy Policy lays out how we collect, use, disclose, and protect your data when you use our website, purchase our products, or engage with our services. By accessing our website or providing your information to us, you [&hellip;]<\/p>\n","protected":false},"author":1,"featured_media":0,"parent":0,"menu_order":0,"comment_status":"closed","ping_status":"open","template":"elementor_header_footer","meta":{"footnotes":""},"class_list":["post-3","page","type-page","status-publish","hentry"],"_links":{"self":[{"href":"https:\/\/shippingcontainersuklimited.com\/fr\/wp-json\/wp\/v2\/pages\/3","targetHints":{"allow":["GET"]}}],"collection":[{"href":"https:\/\/shippingcontainersuklimited.com\/fr\/wp-json\/wp\/v2\/pages"}],"about":[{"href":"https:\/\/shippingcontainersuklimited.com\/fr\/wp-json\/wp\/v2\/types\/page"}],"author":[{"embeddable":true,"href":"https:\/\/shippingcontainersuklimited.com\/fr\/wp-json\/wp\/v2\/users\/1"}],"replies":[{"embeddable":true,"href":"https:\/\/shippingcontainersuklimited.com\/fr\/wp-json\/wp\/v2\/comments?post=3"}],"version-history":[{"count":25,"href":"https:\/\/shippingcontainersuklimited.com\/fr\/wp-json\/wp\/v2\/pages\/3\/revisions"}],"predecessor-version":[{"id":7492,"href":"https:\/\/shippingcontainersuklimited.com\/fr\/wp-json\/wp\/v2\/pages\/3\/revisions\/7492"}],"wp:attachment":[{"href":"https:\/\/shippingcontainersuklimited.com\/fr\/wp-json\/wp\/v2\/media?parent=3"}],"curies":[{"name":"wp","href":"https:\/\/api.w.org\/{rel}","templated":true}]}}