{"id":5525,"date":"2023-12-20T04:50:00","date_gmt":"2023-12-20T04:50:00","guid":{"rendered":"https:\/\/shippingcontainersuklimited.com\/product\/20ft-x-8ft-used-cargo-worthy-dry-van\/"},"modified":"2024-08-14T11:41:20","modified_gmt":"2024-08-14T11:41:20","slug":"20ft-x-8ft-used-cargo-worthy-dry-van","status":"publish","type":"product","link":"https:\/\/shippingcontainersuklimited.com\/es_gt\/product\/20ft-x-8ft-utilizado-carga-digna-furgoneta-seca\/","title":{"rendered":"20ft x 8ft Furg\u00f3n de Carga Seca Usado"},"content":{"rendered":"<p>Este contenedor de carga de 20 pies est\u00e1 disponible para su compra en l\u00ednea o poni\u00e9ndose en contacto con nuestro equipo de ventas de contenedores.<\/p>\n<h3>CARACTER\u00cdSTICAS DE LOS CONTENEDORES MAR\u00cdTIMOS USADOS DE 20 PIES APTOS PARA CARGA<\/h3>\n<ul>\n<li>CSC Chapado para env\u00edos<\/li>\n<li>Genuino usado - Ex-l\u00edneas de env\u00edo<\/li>\n<li>Todo de acero corten<\/li>\n<li>Dos barras de cierre en cada puerta<\/li>\n<li>2 bolsillos para carretilla elevadora en cada lado<\/li>\n<li>Suelo de contrachapado marino de 28 mm sobre travesa\u00f1os de acero<\/li>\n<li>Rejillas de ventilaci\u00f3n<\/li>\n<li>Garant\u00eda de solidez estructural<\/li>\n<li>Estanqueidad garantizada al viento y al agua<\/li>\n<\/ul>","protected":false},"excerpt":{"rendered":"<p>Contenedor de 20 pies usado<\/p>","protected":false},"featured_media":5524,"comment_status":"open","ping_status":"closed","template":"","meta":[],"product_brand":[],"product_cat":[88,111],"product_tag":[],"class_list":{"0":"post-5525","1":"product","2":"type-product","3":"status-publish","4":"has-post-thumbnail","6":"product_cat-20ft-containers","7":"product_cat-used-shipping-containers","9":"first","10":"instock","11":"shipping-taxable","12":"purchasable","13":"product-type-simple"},"_links":{"self":[{"href":"https:\/\/shippingcontainersuklimited.com\/es_gt\/wp-json\/wp\/v2\/product\/5525","targetHints":{"allow":["GET"]}}],"collection":[{"href":"https:\/\/shippingcontainersuklimited.com\/es_gt\/wp-json\/wp\/v2\/product"}],"about":[{"href":"https:\/\/shippingcontainersuklimited.com\/es_gt\/wp-json\/wp\/v2\/types\/product"}],"replies":[{"embeddable":true,"href":"https:\/\/shippingcontainersuklimited.com\/es_gt\/wp-json\/wp\/v2\/comments?post=5525"}],"wp:featuredmedia":[{"embeddable":true,"href":"https:\/\/shippingcontainersuklimited.com\/es_gt\/wp-json\/wp\/v2\/media\/5524"}],"wp:attachment":[{"href":"https:\/\/shippingcontainersuklimited.com\/es_gt\/wp-json\/wp\/v2\/media?parent=5525"}],"wp:term":[{"taxonomy":"product_brand","embeddable":true,"href":"https:\/\/shippingcontainersuklimited.com\/es_gt\/wp-json\/wp\/v2\/product_brand?post=5525"},{"taxonomy":"product_cat","embeddable":true,"href":"https:\/\/shippingcontainersuklimited.com\/es_gt\/wp-json\/wp\/v2\/product_cat?post=5525"},{"taxonomy":"product_tag","embeddable":true,"href":"https:\/\/shippingcontainersuklimited.com\/es_gt\/wp-json\/wp\/v2\/product_tag?post=5525"}],"curies":[{"name":"wp","href":"https:\/\/api.w.org\/{rel}","templated":true}]}}