{"id":5473,"date":"2023-12-20T04:49:00","date_gmt":"2023-12-20T04:49:00","guid":{"rendered":"https:\/\/shippingcontainersuklimited.com\/product\/20ft-open-side-full-side-access-container-2\/"},"modified":"2024-08-12T05:30:54","modified_gmt":"2024-08-12T05:30:54","slug":"20ft-open-side-full-side-access-container-2","status":"publish","type":"product","link":"https:\/\/shippingcontainersuklimited.com\/es_gt\/product\/contenedor-de-acceso-lateral-completo-abierto-de-20-pies-2\/","title":{"rendered":"Contenedor de 20 pies de lado abierto \/ acceso lateral completo"},"content":{"rendered":"<p>Nuestros contenedores mar\u00edtimos abiertos de 20 pies tienen un par de puertas dobles con bisagras a lo largo de un lado del contenedor que dan acceso lateral completo, as\u00ed como un par de puertas dobles en el extremo.<br \/>\nFabricados en China conforme a las especificaciones ISO, estos contenedores son pr\u00e1cticamente nuevos, ya que s\u00f3lo han realizado un viaje de China al Reino Unido.<br \/>\nEstos contenedores de acceso lateral completo (FSA) est\u00e1n a la venta en l\u00ednea o poni\u00e9ndose en contacto con nuestro amable equipo de ventas de contenedores.<br \/>\nNuevo contenedor mar\u00edtimo de 20 pies con laterales abiertos Caracter\u00edsticas<br \/>\nNUEVO - Un solo viaje<br \/>\nChapa CSC (peso bruto) m\u00e1x.: 24 toneladas<br \/>\nTodo de acero corten<br \/>\nUn par de puertas dobles en el extremo y un par de puertas dobles con bisagras a lo largo de un lateral<br \/>\nDos barras de cierre en cada puerta<br \/>\n2 bolsillos para carretilla elevadora en cada lado<br \/>\nSuelo de contrachapado marino de 28 mm sobre travesa\u00f1os de acero<br \/>\n8 respiraderos<br \/>\n\u00bfBusca algo m\u00e1s barato? Pruebe nuestros contenedores usados de acceso lateral completo de 20 pies<\/p>","protected":false},"excerpt":{"rendered":"<p>Nuevo contenedor abierto de 20 pies<\/p>","protected":false},"featured_media":5472,"comment_status":"open","ping_status":"closed","template":"","meta":[],"product_brand":[],"product_cat":[88,103],"product_tag":[],"class_list":{"0":"post-5473","1":"product","2":"type-product","3":"status-publish","4":"has-post-thumbnail","6":"product_cat-20ft-containers","7":"product_cat-containers-for-export","9":"first","10":"instock","11":"shipping-taxable","12":"purchasable","13":"product-type-simple"},"_links":{"self":[{"href":"https:\/\/shippingcontainersuklimited.com\/es_gt\/wp-json\/wp\/v2\/product\/5473","targetHints":{"allow":["GET"]}}],"collection":[{"href":"https:\/\/shippingcontainersuklimited.com\/es_gt\/wp-json\/wp\/v2\/product"}],"about":[{"href":"https:\/\/shippingcontainersuklimited.com\/es_gt\/wp-json\/wp\/v2\/types\/product"}],"replies":[{"embeddable":true,"href":"https:\/\/shippingcontainersuklimited.com\/es_gt\/wp-json\/wp\/v2\/comments?post=5473"}],"wp:featuredmedia":[{"embeddable":true,"href":"https:\/\/shippingcontainersuklimited.com\/es_gt\/wp-json\/wp\/v2\/media\/5472"}],"wp:attachment":[{"href":"https:\/\/shippingcontainersuklimited.com\/es_gt\/wp-json\/wp\/v2\/media?parent=5473"}],"wp:term":[{"taxonomy":"product_brand","embeddable":true,"href":"https:\/\/shippingcontainersuklimited.com\/es_gt\/wp-json\/wp\/v2\/product_brand?post=5473"},{"taxonomy":"product_cat","embeddable":true,"href":"https:\/\/shippingcontainersuklimited.com\/es_gt\/wp-json\/wp\/v2\/product_cat?post=5473"},{"taxonomy":"product_tag","embeddable":true,"href":"https:\/\/shippingcontainersuklimited.com\/es_gt\/wp-json\/wp\/v2\/product_tag?post=5473"}],"curies":[{"name":"wp","href":"https:\/\/api.w.org\/{rel}","templated":true}]}}