{"id":5455,"date":"2023-12-20T04:49:00","date_gmt":"2023-12-20T04:49:00","guid":{"rendered":"https:\/\/shippingcontainersuklimited.com\/product\/20ft-dual-temperature-refrigerated-iso-container\/"},"modified":"2024-08-15T13:53:49","modified_gmt":"2024-08-15T13:53:49","slug":"20ft-dual-temperature-refrigerated-iso-container","status":"publish","type":"product","link":"https:\/\/shippingcontainersuklimited.com\/es_gt\/product\/contenedor-iso-refrigerado-de-doble-temperatura-de-20-pies\/","title":{"rendered":"Contenedor ISO refrigerado de doble temperatura de 20 pies"},"content":{"rendered":"<p>Congelador y enfriador funcionando simult\u00e1neamente.<br \/>\nCon tabique m\u00f3vil y puerta lateral para acceder a ambas secciones.<br \/>\nTransporte como unidad independiente alimentada por nuestros generadores Clip-On o con\u00e9ctela a una fuente de alimentaci\u00f3n externa.<br \/>\nCertificaci\u00f3n ISO para env\u00edos.<br \/>\nCree un almacenamiento est\u00e1tico a largo plazo energ\u00e9ticamente eficiente con varios contenedores alimentados a trav\u00e9s de nuestro sistema de energ\u00eda inteligente.<br \/>\nAlquilar, comprar o solicitar modificaciones.<br \/>\nEntregamos en todo el mundo.<br \/>\nAlmacenamiento y transporte port\u00e1til y rentable de mercanc\u00edas a temperatura controlada.<\/p>","protected":false},"excerpt":{"rendered":"<p>Freezer and chiller section running simultaneously. With movable partition wall and side door for access to both sections. Transport as a standalone unit powered by our Clip-On Generators or connect to an external power source. ISO certified for shipping. Create energy efficient long-term static storage with multiple containers powered\u00a0 through our Smart Energy System. Hire, [&hellip;]<\/p>\n","protected":false},"featured_media":5454,"comment_status":"open","ping_status":"closed","template":"","meta":[],"product_brand":[],"product_cat":[108],"product_tag":[],"class_list":{"0":"post-5455","1":"product","2":"type-product","3":"status-publish","4":"has-post-thumbnail","6":"product_cat-refrigerated-containers","8":"first","9":"instock","10":"shipping-taxable","11":"purchasable","12":"product-type-simple"},"_links":{"self":[{"href":"https:\/\/shippingcontainersuklimited.com\/es_gt\/wp-json\/wp\/v2\/product\/5455","targetHints":{"allow":["GET"]}}],"collection":[{"href":"https:\/\/shippingcontainersuklimited.com\/es_gt\/wp-json\/wp\/v2\/product"}],"about":[{"href":"https:\/\/shippingcontainersuklimited.com\/es_gt\/wp-json\/wp\/v2\/types\/product"}],"replies":[{"embeddable":true,"href":"https:\/\/shippingcontainersuklimited.com\/es_gt\/wp-json\/wp\/v2\/comments?post=5455"}],"wp:featuredmedia":[{"embeddable":true,"href":"https:\/\/shippingcontainersuklimited.com\/es_gt\/wp-json\/wp\/v2\/media\/5454"}],"wp:attachment":[{"href":"https:\/\/shippingcontainersuklimited.com\/es_gt\/wp-json\/wp\/v2\/media?parent=5455"}],"wp:term":[{"taxonomy":"product_brand","embeddable":true,"href":"https:\/\/shippingcontainersuklimited.com\/es_gt\/wp-json\/wp\/v2\/product_brand?post=5455"},{"taxonomy":"product_cat","embeddable":true,"href":"https:\/\/shippingcontainersuklimited.com\/es_gt\/wp-json\/wp\/v2\/product_cat?post=5455"},{"taxonomy":"product_tag","embeddable":true,"href":"https:\/\/shippingcontainersuklimited.com\/es_gt\/wp-json\/wp\/v2\/product_tag?post=5455"}],"curies":[{"name":"wp","href":"https:\/\/api.w.org\/{rel}","templated":true}]}}