{"id":5569,"date":"2023-12-20T04:50:00","date_gmt":"2023-12-20T04:50:00","guid":{"rendered":"https:\/\/shippingcontainersuklimited.com\/product\/40ft-high-cube-9%e2%80%b2-6%e2%80%b3-high-double-door-container-dd\/"},"modified":"2024-08-13T16:28:33","modified_gmt":"2024-08-13T16:28:33","slug":"40ft-high-cube-9%e2%80%b2-6%e2%80%b3-high-double-door-container-dd","status":"publish","type":"product","link":"https:\/\/shippingcontainersuklimited.com\/es_ec\/producto\/40ft-high-cube-9%e2%80%b2-6%e2%80%b3-high-double-door-container-dd\/","title":{"rendered":"Cubo alto de 40 pies (9\u2032 6\u2033 de altura) Contenedor de doble puerta (DD)"},"content":{"rendered":"<p>Nuevo contenedor mar\u00edtimo de 40 pies de alto cubo, contenedor de doble puerta (DD)<br \/>\nEl contenedor de doble puerta (DD) de 40\u2032, es decir, el contenedor t\u00fanel de 12 m, es un contenedor con puertas dobles est\u00e1ndar en ambos extremos. Las puertas facilitan la carga y el uso del contenedor como almac\u00e9n. El contenedor cumple la normativa ISO y es apto para el transporte internacional de mercanc\u00edas (CSC).<\/p>","protected":false},"excerpt":{"rendered":"<p>New 40ft High Cube Shipping Container, Double Door Container (DD) The 40\u2032 Double Door (DD) Container i.e. 12 m Tunnel Container is a container that comes with standard double doors at both end walls. The doors make it easy to load cargo and use the container as a storage facility. The container is an ISO [&hellip;]<\/p>\n","protected":false},"featured_media":5568,"comment_status":"open","ping_status":"closed","template":"","meta":[],"product_brand":[],"product_cat":[90,106],"product_tag":[],"class_list":{"0":"post-5569","1":"product","2":"type-product","3":"status-publish","4":"has-post-thumbnail","6":"product_cat-40ft-containers","7":"product_cat-high-cube-containers","9":"first","10":"instock","11":"shipping-taxable","12":"purchasable","13":"product-type-simple"},"_links":{"self":[{"href":"https:\/\/shippingcontainersuklimited.com\/es_ec\/wp-json\/wp\/v2\/product\/5569","targetHints":{"allow":["GET"]}}],"collection":[{"href":"https:\/\/shippingcontainersuklimited.com\/es_ec\/wp-json\/wp\/v2\/product"}],"about":[{"href":"https:\/\/shippingcontainersuklimited.com\/es_ec\/wp-json\/wp\/v2\/types\/product"}],"replies":[{"embeddable":true,"href":"https:\/\/shippingcontainersuklimited.com\/es_ec\/wp-json\/wp\/v2\/comments?post=5569"}],"wp:featuredmedia":[{"embeddable":true,"href":"https:\/\/shippingcontainersuklimited.com\/es_ec\/wp-json\/wp\/v2\/media\/5568"}],"wp:attachment":[{"href":"https:\/\/shippingcontainersuklimited.com\/es_ec\/wp-json\/wp\/v2\/media?parent=5569"}],"wp:term":[{"taxonomy":"product_brand","embeddable":true,"href":"https:\/\/shippingcontainersuklimited.com\/es_ec\/wp-json\/wp\/v2\/product_brand?post=5569"},{"taxonomy":"product_cat","embeddable":true,"href":"https:\/\/shippingcontainersuklimited.com\/es_ec\/wp-json\/wp\/v2\/product_cat?post=5569"},{"taxonomy":"product_tag","embeddable":true,"href":"https:\/\/shippingcontainersuklimited.com\/es_ec\/wp-json\/wp\/v2\/product_tag?post=5569"}],"curies":[{"name":"wp","href":"https:\/\/api.w.org\/{rel}","templated":true}]}}