{"id":5419,"date":"2023-12-20T04:49:00","date_gmt":"2023-12-20T04:49:00","guid":{"rendered":"https:\/\/shippingcontainersuklimited.com\/product\/10ft-x-8ft-steel-storage-container-for-hire\/"},"modified":"2024-08-11T04:14:37","modified_gmt":"2024-08-11T04:14:37","slug":"10ft-shipping-containers","status":"publish","type":"product","link":"https:\/\/shippingcontainersuklimited.com\/es_cr\/producto\/10ft-shipping-containers\/","title":{"rendered":"Contenedor de almacenamiento de acero de 10 pies x 8 pies"},"content":{"rendered":"<h2>10ft shipping containers for sale uk<\/h2>\n<p>Maximice su capacidad de almacenamiento con nuestros robustos contenedores de 10 pies en venta en el Reino Unido, dise\u00f1ados para ofrecer durabilidad y seguridad. Perfecto tanto para uso comercial como personal, este contenedor ofrece una soluci\u00f3n compacta pero espaciosa para diversas aplicaciones. Construido en acero de alta calidad, garantiza la protecci\u00f3n contra los elementos y el acceso no autorizado, por lo que es ideal para almacenar equipos, herramientas, inventario y pertenencias personales.<\/p>\n<p><strong>Caracter\u00edsticas principales:<\/strong><\/p>\n<ul>\n<li><strong>Construcci\u00f3n duradera<\/strong>: Fabricado en acero resistente a la corrosi\u00f3n, dise\u00f1ado para soportar condiciones clim\u00e1ticas adversas.<\/li>\n<li><strong>Mecanismo de cierre seguro<\/strong>: Las caracter\u00edsticas de seguridad mejoradas incluyen una caja de seguridad para proteger sus objetos de valor.<\/li>\n<li><strong>F\u00e1cil acceso<\/strong>: Las puertas dobles est\u00e1ndar se abren completamente, lo que facilita la carga y descarga de art\u00edculos grandes.<\/li>\n<li><strong>Uso vers\u00e1til<\/strong>: Adecuado para obras de construcci\u00f3n, tiendas minoristas, escuelas y como soluci\u00f3n de almacenamiento permanente o temporal en el hogar.<\/li>\n<\/ul>\n<p><strong>Ventajas de los contenedores mar\u00edtimos de 10 pies en venta en el Reino Unido:<\/strong><\/p>\n<ul>\n<li><strong>Tama\u00f1o compacto<\/strong>: Ideal para zonas con poco espacio, ya que proporciona un amplio almacenamiento sin ocupar demasiado espacio en el suelo.<\/li>\n<li><strong>Portabilidad<\/strong>: F\u00e1cilmente transportable de un lugar a otro, ofrece flexibilidad de colocaci\u00f3n y uso.<\/li>\n<li><strong>Resistente a la intemperie<\/strong>: Mantiene el contenido seco y seguro en cualquier condici\u00f3n meteorol\u00f3gica, desde lluvia intensa hasta nieve.<\/li>\n<li><strong>Rentable<\/strong>: Una alternativa econ\u00f3mica a la construcci\u00f3n de una estructura permanente para el almacenamiento, que requiere un mantenimiento m\u00ednimo.<\/li>\n<li><strong>Personalizaci\u00f3n<\/strong>: Puede equiparse con estanter\u00edas, iluminaci\u00f3n y otras modificaciones para adaptarse a necesidades de almacenamiento espec\u00edficas.<\/li>\n<\/ul>\n<p><a href=\"https:\/\/shippingcontainersuklimited.com\/es_cr\/\" target=\"_blank\" rel=\"noopener\"><strong>Shipping Container UK Limited<\/strong><\/a> proporciona unidades de almacenamiento para ordenar, proteger equipos valiosos o ampliar su capacidad de almacenamiento. Nuestro contenedor de 10 x 8 pies es una opci\u00f3n fiable y pr\u00e1ctica que ofrece rendimiento y valor.<\/p>","protected":false},"excerpt":{"rendered":"<p>Almac\u00e9n de acero de 10 x 8 pies<\/p>","protected":false},"featured_media":5418,"comment_status":"open","ping_status":"closed","template":"","meta":[],"product_brand":[],"product_cat":[91,109],"product_tag":[],"class_list":{"0":"post-5419","1":"product","2":"type-product","3":"status-publish","4":"has-post-thumbnail","6":"product_cat-8ft-x-10ft-containers","7":"product_cat-rentals","9":"first","10":"instock","11":"shipping-taxable","12":"purchasable","13":"product-type-simple"},"_links":{"self":[{"href":"https:\/\/shippingcontainersuklimited.com\/es_cr\/wp-json\/wp\/v2\/product\/5419","targetHints":{"allow":["GET"]}}],"collection":[{"href":"https:\/\/shippingcontainersuklimited.com\/es_cr\/wp-json\/wp\/v2\/product"}],"about":[{"href":"https:\/\/shippingcontainersuklimited.com\/es_cr\/wp-json\/wp\/v2\/types\/product"}],"replies":[{"embeddable":true,"href":"https:\/\/shippingcontainersuklimited.com\/es_cr\/wp-json\/wp\/v2\/comments?post=5419"}],"wp:featuredmedia":[{"embeddable":true,"href":"https:\/\/shippingcontainersuklimited.com\/es_cr\/wp-json\/wp\/v2\/media\/5418"}],"wp:attachment":[{"href":"https:\/\/shippingcontainersuklimited.com\/es_cr\/wp-json\/wp\/v2\/media?parent=5419"}],"wp:term":[{"taxonomy":"product_brand","embeddable":true,"href":"https:\/\/shippingcontainersuklimited.com\/es_cr\/wp-json\/wp\/v2\/product_brand?post=5419"},{"taxonomy":"product_cat","embeddable":true,"href":"https:\/\/shippingcontainersuklimited.com\/es_cr\/wp-json\/wp\/v2\/product_cat?post=5419"},{"taxonomy":"product_tag","embeddable":true,"href":"https:\/\/shippingcontainersuklimited.com\/es_cr\/wp-json\/wp\/v2\/product_tag?post=5419"}],"curies":[{"name":"wp","href":"https:\/\/api.w.org\/{rel}","templated":true}]}}