{"id":6096,"date":"2023-12-22T00:11:00","date_gmt":"2023-12-22T00:11:00","guid":{"rendered":"https:\/\/shippingcontainersuklimited.com\/product\/polyjohn-fs3-1000-portable-restroom-single-trailer-tu01-1001\/"},"modified":"2024-08-12T13:56:17","modified_gmt":"2024-08-12T13:56:17","slug":"polyjohn-portable-restroom","status":"publish","type":"product","link":"https:\/\/shippingcontainersuklimited.com\/es\/producto\/polyjohn-portable-restroom\/","title":{"rendered":"PolyJohn FS3-1000 Remolque individual para ba\u00f1os port\u00e1tiles, TU01-1001"},"content":{"rendered":"<h2>PolyJohn FS3-1000 Remolque individual para ba\u00f1os port\u00e1tiles, TU01-1001<\/h2>\n<h4>Descripci\u00f3n del producto<\/h4>\n<p>El PolyJohn FS3-1000 Portable Restroom Single Trailer, TU01-1001, est\u00e1 dise\u00f1ado para la m\u00e1xima comodidad y movilidad, ofreciendo una soluci\u00f3n de saneamiento de alta calidad que puede ser f\u00e1cilmente transportado y desplegado donde sea necesario. Esta unidad combina las caracter\u00edsticas de durabilidad y facilidad de uso por las que PolyJohn es conocido, con el beneficio a\u00f1adido de la movilidad que proporciona la configuraci\u00f3n del remolque.<\/p>\n<h4>Caracter\u00edsticas principales:<\/h4>\n<p><strong>1. Movilidad superior:<\/strong><\/p>\n<ul>\n<li><strong>F\u00e1cil transporte:<\/strong> Montado sobre un robusto remolque, el aseo port\u00e1til PolyJohn FS3-1000 est\u00e1 dise\u00f1ado para ser remolcado y montado sin esfuerzo. Esta caracter\u00edstica lo hace ideal para entornos din\u00e1micos en los que se requiere una r\u00e1pida reubicaci\u00f3n de las instalaciones sanitarias.<\/li>\n<li><strong>Compatibilidad de enganche:<\/strong> El remolque est\u00e1 equipado con un enganche est\u00e1ndar que permite acoplarlo f\u00e1cilmente a la mayor\u00eda de los veh\u00edculos, garantizando un transporte sin problemas.<\/li>\n<\/ul>\n<p><strong>2. Construcci\u00f3n de alta calidad:<\/strong><\/p>\n<ul>\n<li><strong>Materiales duraderos:<\/strong> Construido con polietileno de alta densidad, el aseo port\u00e1til PolyJohn FS3-1000 es resistente a los da\u00f1os causados por el uso intensivo y las duras condiciones meteorol\u00f3gicas, lo que garantiza su durabilidad y fiabilidad a largo plazo.<\/li>\n<li><strong>Marco robusto:<\/strong> El bastidor del remolque est\u00e1 fabricado en acero galvanizado, lo que proporciona una base robusta que soporta la unidad de aseo port\u00e1til de forma segura durante el transporte y el uso.<\/li>\n<\/ul>\n<p><strong>3. Dise\u00f1o f\u00e1cil de usar:<\/strong><\/p>\n<ul>\n<li><strong>Interior espacioso:<\/strong> La unidad ofrece un amplio espacio interior, lo que aumenta la comodidad del usuario y la hace adecuada para eventos de gran afluencia.<\/li>\n<li><strong>Ventilaci\u00f3n e iluminaci\u00f3n:<\/strong> La m\u00e1xima ventilaci\u00f3n reduce los olores, y el techo transl\u00facido permite que la luz natural ilumine el interior, creando una agradable experiencia para el usuario.<\/li>\n<li><strong>Caracter\u00edsticas de seguridad:<\/strong> El suelo antideslizante y un pestillo de se\u00f1al de ocupaci\u00f3n garantizan la seguridad e intimidad del usuario.<\/li>\n<\/ul>\n<p><strong>4. Caracter\u00edsticas convenientes:<\/strong><\/p>\n<ul>\n<li><strong>Dise\u00f1o sanitario:<\/strong> El aseo cuenta con un dise\u00f1o sanitario de la cubierta del asiento y el suelo, lo que hace que la limpieza y el mantenimiento sean sencillos y eficientes.<\/li>\n<li><strong>Gesti\u00f3n de residuos:<\/strong> El avanzado dise\u00f1o del dep\u00f3sito de residuos incluye un profundo sumidero central que facilita y hace m\u00e1s eficaz la gesti\u00f3n y el bombeo de los residuos.<\/li>\n<\/ul>\n<p><strong>5. Opciones adicionales:<\/strong><\/p>\n<ul>\n<li><strong>Funciones personalizables:<\/strong> Para mejorar la experiencia de los usuarios, pueden a\u00f1adirse servicios opcionales como dispensadores instant\u00e1neos de productos antis\u00e9pticos para la limpieza de manos, lavabos, dispensadores de toallas de papel e iluminaci\u00f3n solar.<\/li>\n<li><strong>Compatibilidad de accesorios:<\/strong> La unidad es compatible con varios accesorios de PolyJohn, lo que permite una mayor personalizaci\u00f3n para satisfacer necesidades espec\u00edficas.<\/li>\n<\/ul>\n<h4>Especificaciones:<\/h4>\n<ul>\n<li><strong>Altura exterior:<\/strong> 91 pulgadas (231 cm)<\/li>\n<li><strong>Altura interior:<\/strong> 82 pulgadas (208 cm)<\/li>\n<li><strong>Anchura exterior:<\/strong> 47 pulgadas (119 cm)<\/li>\n<li><strong>Anchura interior:<\/strong> 45 pulgadas (114 cm)<\/li>\n<li><strong>Longitud exterior:<\/strong> 61 pulgadas (155 cm)<\/li>\n<li><strong>Longitud interior:<\/strong> 150 cm (59 pulgadas)<\/li>\n<li><strong>Capacidad del tanque de retenci\u00f3n:<\/strong> 227 litros (60 galones)<\/li>\n<li><strong>Peso:<\/strong> Aproximadamente 159 kg (350 lbs)<\/li>\n<li><strong>Bastidor del remolque:<\/strong> Acero galvanizado<\/li>\n<\/ul>\n<h3>Aplicaciones:<\/h3>\n<p>El PolyJohn FS3-1000 Portable Restroom Single Trailer es perfecto para:<\/p>\n<ul>\n<li><strong>Obras de construcci\u00f3n:<\/strong> Se puede trasladar f\u00e1cilmente a medida que evoluciona el emplazamiento, garantizando que las instalaciones sanitarias est\u00e9n siempre cerca.<\/li>\n<li><strong>Eventos al aire libre:<\/strong> Su montaje y desmontaje r\u00e1pidos lo hacen ideal para conciertos, festivales, ferias y eventos deportivos.<\/li>\n<li><strong>Respuesta de emergencia:<\/strong> Proporciona saneamiento esencial de forma r\u00e1pida y eficaz en operaciones de ayuda en caso de cat\u00e1strofe.<\/li>\n<li><strong>Ubicaciones remotas:<\/strong> Ideal para campos agr\u00edcolas, lugares de trabajo remotos y otras zonas que carecen de instalaciones sanitarias permanentes.<\/li>\n<\/ul>\n<h3>Conclusi\u00f3n<\/h3>\n<p>En <a rel=\"noopener\" href=\"https:\/\/www.polyjohn.co.uk\/catalogsearch\/result\/?q=POLYJOHN+FS3-1000+PORTABLE+RESTROOM+SINGLE+TRAILER%2C+TU01-1001\" target=\"_blank\">Cuarto de aseo port\u00e1til PolyJohn FS3-1000<\/a> El TU01-1001 ofrece una movilidad, durabilidad y comodidad sin igual, lo que lo convierte en la mejor opci\u00f3n para una amplia gama de aplicaciones. Tanto si necesita una soluci\u00f3n de aseo fiable para una obra, un evento al aire libre o una situaci\u00f3n de emergencia, esta unidad cumple en todos los frentes.<\/p>\n<p>Para obtener m\u00e1s informaci\u00f3n o realizar un pedido, visite Shipping Containers UK Limited y descubra por qu\u00e9 el <a rel=\"noopener\" href=\"https:\/\/shippingcontainersuklimited.com\/es\/product-category\/portable-toilets\/\">PolyJohn FS3-1000<\/a> es la elecci\u00f3n preferida para ba\u00f1os port\u00e1tiles m\u00f3viles.<\/p>","protected":false},"excerpt":{"rendered":"<p>PolyJohn FS3-1000 Portable Restroom Single Trailer, TU01-1001 Product Description The PolyJohn FS3-1000 Portable Restroom Single Trailer, TU01-1001, is designed for ultimate convenience and mobility, offering a high-quality sanitation solution that can be easily transported and deployed wherever needed. This unit combines the durability and user-friendly features PolyJohn is known for, with the added benefit of [&hellip;]<\/p>\n","protected":false},"featured_media":6095,"comment_status":"open","ping_status":"closed","template":"","meta":[],"product_brand":[],"product_cat":[117],"product_tag":[],"class_list":{"0":"post-6096","1":"product","2":"type-product","3":"status-publish","4":"has-post-thumbnail","6":"product_cat-portable-toilets","8":"first","9":"instock","10":"shipping-taxable","11":"purchasable","12":"product-type-simple"},"_links":{"self":[{"href":"https:\/\/shippingcontainersuklimited.com\/es\/wp-json\/wp\/v2\/product\/6096","targetHints":{"allow":["GET"]}}],"collection":[{"href":"https:\/\/shippingcontainersuklimited.com\/es\/wp-json\/wp\/v2\/product"}],"about":[{"href":"https:\/\/shippingcontainersuklimited.com\/es\/wp-json\/wp\/v2\/types\/product"}],"replies":[{"embeddable":true,"href":"https:\/\/shippingcontainersuklimited.com\/es\/wp-json\/wp\/v2\/comments?post=6096"}],"wp:featuredmedia":[{"embeddable":true,"href":"https:\/\/shippingcontainersuklimited.com\/es\/wp-json\/wp\/v2\/media\/6095"}],"wp:attachment":[{"href":"https:\/\/shippingcontainersuklimited.com\/es\/wp-json\/wp\/v2\/media?parent=6096"}],"wp:term":[{"taxonomy":"product_brand","embeddable":true,"href":"https:\/\/shippingcontainersuklimited.com\/es\/wp-json\/wp\/v2\/product_brand?post=6096"},{"taxonomy":"product_cat","embeddable":true,"href":"https:\/\/shippingcontainersuklimited.com\/es\/wp-json\/wp\/v2\/product_cat?post=6096"},{"taxonomy":"product_tag","embeddable":true,"href":"https:\/\/shippingcontainersuklimited.com\/es\/wp-json\/wp\/v2\/product_tag?post=6096"}],"curies":[{"name":"wp","href":"https:\/\/api.w.org\/{rel}","templated":true}]}}