{"id":5547,"date":"2023-12-20T04:50:00","date_gmt":"2023-12-20T04:50:00","guid":{"rendered":"https:\/\/shippingcontainersuklimited.com\/product\/31-sit-on-waste-tank-6500-ltr\/"},"modified":"2024-08-13T08:33:01","modified_gmt":"2024-08-13T08:33:01","slug":"31-sit-on-waste-tank-6500-ltr","status":"publish","type":"product","link":"https:\/\/shippingcontainersuklimited.com\/es\/producto\/31-sit-on-waste-tank-6500-ltr\/","title":{"rendered":"3+1 Sit On Dep\u00f3sito de residuos 6500 LTR"},"content":{"rendered":"<p>Ya est\u00e1 a la venta nuestro dep\u00f3sito de residuos 3+1 sit on.<\/p>\n<h3>Caracter\u00edsticas del dep\u00f3sito de residuos 3+1 Sit On<\/h3>\n<ul>\n<li>Se utiliza junto con el inodoro de acero 2+1<\/li>\n<li>Construcci\u00f3n de acero, armaz\u00f3n interno y soportes, revestidos de acero de 2 mm<\/li>\n<li>Imprimaci\u00f3n en negro<\/li>\n<li>Capacidad de 6.500 litros (1429 galones)<\/li>\n<li>2no. Puntos de vaciado en esquina de 150 mm con tapas<\/li>\n<\/ul>\n<h2>Especificaciones del producto<\/h2>\n<table class=\"shop_attributes\">\n<tbody>\n<tr>\n<th>Longitud exterior (m)<\/th>\n<td>4.88<\/td>\n<\/tr>\n<tr>\n<th>Anchura exterior (m)<\/th>\n<td>2.7<\/td>\n<\/tr>\n<tr>\n<th>Altura exterior (m)<\/th>\n<td>0.63<\/td>\n<\/tr>\n<\/tbody>\n<\/table>","protected":false},"excerpt":{"rendered":"<p>Caracter\u00edsticas del dep\u00f3sito de residuos 3+1 Sit On<br \/>\nSe utiliza junto con el inodoro de acero 2+1<br \/>\nConstrucci\u00f3n de acero, armaz\u00f3n interno y soportes, revestidos de acero de 2 mm<br \/>\nImprimaci\u00f3n en negro<br \/>\nCapacidad de 6.500 litros (1429 galones)<br \/>\n2no. Puntos de vaciado en esquina de 150 mm con tapas<\/p>","protected":false},"featured_media":5546,"comment_status":"open","ping_status":"closed","template":"","meta":[],"product_brand":[],"product_cat":[100],"product_tag":[],"class_list":{"0":"post-5547","1":"product","2":"type-product","3":"status-publish","4":"has-post-thumbnail","6":"product_cat-toilet-shower-blocks-for-sale","8":"first","9":"instock","10":"shipping-taxable","11":"purchasable","12":"product-type-simple"},"_links":{"self":[{"href":"https:\/\/shippingcontainersuklimited.com\/es\/wp-json\/wp\/v2\/product\/5547","targetHints":{"allow":["GET"]}}],"collection":[{"href":"https:\/\/shippingcontainersuklimited.com\/es\/wp-json\/wp\/v2\/product"}],"about":[{"href":"https:\/\/shippingcontainersuklimited.com\/es\/wp-json\/wp\/v2\/types\/product"}],"replies":[{"embeddable":true,"href":"https:\/\/shippingcontainersuklimited.com\/es\/wp-json\/wp\/v2\/comments?post=5547"}],"wp:featuredmedia":[{"embeddable":true,"href":"https:\/\/shippingcontainersuklimited.com\/es\/wp-json\/wp\/v2\/media\/5546"}],"wp:attachment":[{"href":"https:\/\/shippingcontainersuklimited.com\/es\/wp-json\/wp\/v2\/media?parent=5547"}],"wp:term":[{"taxonomy":"product_brand","embeddable":true,"href":"https:\/\/shippingcontainersuklimited.com\/es\/wp-json\/wp\/v2\/product_brand?post=5547"},{"taxonomy":"product_cat","embeddable":true,"href":"https:\/\/shippingcontainersuklimited.com\/es\/wp-json\/wp\/v2\/product_cat?post=5547"},{"taxonomy":"product_tag","embeddable":true,"href":"https:\/\/shippingcontainersuklimited.com\/es\/wp-json\/wp\/v2\/product_tag?post=5547"}],"curies":[{"name":"wp","href":"https:\/\/api.w.org\/{rel}","templated":true}]}}