{"id":3,"date":"2023-04-26T12:45:03","date_gmt":"2023-04-26T12:45:03","guid":{"rendered":"https:\/\/shippingcontainersuklimited.com\/?page_id=3"},"modified":"2026-03-04T16:06:08","modified_gmt":"2026-03-04T16:06:08","slug":"privacy-policy","status":"publish","type":"page","link":"https:\/\/shippingcontainersuklimited.com\/es\/privacy-policy\/","title":{"rendered":"Pol\u00edtica de privacidad"},"content":{"rendered":"<div data-elementor-type=\"wp-page\" data-elementor-id=\"3\" class=\"elementor elementor-3\" data-elementor-post-type=\"page\">\n\t\t\t\t<div class=\"elementor-element elementor-element-220d68c e-flex e-con-boxed e-con e-parent\" data-id=\"220d68c\" data-element_type=\"container\" data-e-type=\"container\" data-settings=\"{&quot;background_background&quot;:&quot;classic&quot;}\">\n\t\t\t\t\t<div class=\"e-con-inner\">\n\t\t<div class=\"elementor-element elementor-element-335322ac e-flex e-con-boxed e-con e-child\" data-id=\"335322ac\" data-element_type=\"container\" data-e-type=\"container\">\n\t\t\t\t\t<div class=\"e-con-inner\">\n\t\t\t\t\t<\/div>\n\t\t\t\t<\/div>\n\t\t\t\t\t<\/div>\n\t\t\t\t<\/div>\n\t\t<div class=\"elementor-element elementor-element-81038ac e-flex e-con-boxed e-con e-parent\" data-id=\"81038ac\" data-element_type=\"container\" data-e-type=\"container\">\n\t\t\t\t\t<div class=\"e-con-inner\">\n\t\t<div class=\"elementor-element elementor-element-a07457e e-flex e-con-boxed e-con e-child\" data-id=\"a07457e\" data-element_type=\"container\" data-e-type=\"container\">\n\t\t\t\t\t<div class=\"e-con-inner\">\n\t\t\t\t<div class=\"elementor-element elementor-element-7c109cb elementor-widget elementor-widget-spacer\" data-id=\"7c109cb\" data-element_type=\"widget\" data-e-type=\"widget\" data-widget_type=\"spacer.default\">\n\t\t\t\t<div class=\"elementor-widget-container\">\n\t\t\t\t\t\t\t<div class=\"elementor-spacer\">\n\t\t\t<div class=\"elementor-spacer-inner\"><\/div>\n\t\t<\/div>\n\t\t\t\t\t\t<\/div>\n\t\t\t\t<\/div>\n\t\t\t\t<div class=\"elementor-element elementor-element-95b1e47 elementor-widget elementor-widget-text-editor\" data-id=\"95b1e47\" data-element_type=\"widget\" data-e-type=\"widget\" data-widget_type=\"text-editor.default\">\n\t\t\t\t<div class=\"elementor-widget-container\">\n\t\t\t\t\t\t\t\t\t<div data-testid=\"conversation-turn-3\"><div data-message-author-role=\"assistant\" data-message-id=\"5ff24c26-8fdd-4c95-a6fa-1e0967366bf6\"><div data-elementor-type=\"wp-page\" data-elementor-id=\"2545\"><section data-id=\"6547882c\" data-element_type=\"section\" data-settings=\"{&quot;background_background&quot;:&quot;classic&quot;}\"><div data-id=\"68532147\" data-element_type=\"column\"><section data-id=\"6929874e\" data-element_type=\"section\"><div data-id=\"7121e562\" data-element_type=\"column\"><div data-id=\"3344cca\" data-element_type=\"widget\" data-settings=\"{&quot;_animation&quot;:&quot;fadeIn&quot;}\" data-widget_type=\"text-editor.default\"><p>En Shipping Containers UK Limited, estamos profundamente comprometidos a salvaguardar la privacidad y seguridad de su informaci\u00f3n personal. La presente Pol\u00edtica de Privacidad establece c\u00f3mo recopilamos, utilizamos, revelamos y protegemos sus datos cuando utiliza nuestro sitio web, compra nuestros productos o utiliza nuestros servicios. Al acceder a nuestro sitio web o facilitarnos sus datos, usted acepta las pr\u00e1cticas descritas en esta Pol\u00edtica de privacidad.<\/p><\/div><\/div><\/section><\/div><\/section><\/div><\/div><\/div>\t\t\t\t\t\t\t\t<\/div>\n\t\t\t\t<\/div>\n\t\t\t\t<div class=\"elementor-element elementor-element-a5a7948 elementor-widget elementor-widget-heading\" data-id=\"a5a7948\" data-element_type=\"widget\" data-e-type=\"widget\" data-widget_type=\"heading.default\">\n\t\t\t\t<div class=\"elementor-widget-container\">\n\t\t\t\t\t<h2 class=\"elementor-heading-title elementor-size-default\">Informaci\u00f3n que recopilamos:\n\n<\/h2>\t\t\t\t<\/div>\n\t\t\t\t<\/div>\n\t\t\t\t<div class=\"elementor-element elementor-element-5bae711 elementor-widget elementor-widget-text-editor\" data-id=\"5bae711\" data-element_type=\"widget\" data-e-type=\"widget\" data-widget_type=\"text-editor.default\">\n\t\t\t\t<div class=\"elementor-widget-container\">\n\t\t\t\t\t\t\t\t\t<div data-testid=\"conversation-turn-3\"><div data-message-author-role=\"assistant\" data-message-id=\"5ff24c26-8fdd-4c95-a6fa-1e0967366bf6\"><div data-elementor-type=\"wp-page\" data-elementor-id=\"2545\"><section data-id=\"6547882c\" data-element_type=\"section\" data-settings=\"{&quot;background_background&quot;:&quot;classic&quot;}\"><div data-id=\"68532147\" data-element_type=\"column\"><section data-id=\"6929874e\" data-element_type=\"section\"><div data-id=\"7121e562\" data-element_type=\"column\"><div data-id=\"3344cca\" data-element_type=\"widget\" data-settings=\"{&quot;_animation&quot;:&quot;fadeIn&quot;}\" data-widget_type=\"text-editor.default\"><ol><li><p>Datos personales: Cuando interact\u00faa con nosotros, realiza compras o registra una cuenta en nuestro sitio web, podemos recopilar datos personales como su nombre, direcci\u00f3n, direcci\u00f3n de correo electr\u00f3nico, n\u00famero de tel\u00e9fono, informaci\u00f3n de pago y otra informaci\u00f3n pertinente.<\/p><\/li><li><p>Informaci\u00f3n sobre el uso del sitio web: Durante su visita a nuestro sitio web, es posible que se recopile autom\u00e1ticamente cierta informaci\u00f3n como su direcci\u00f3n IP, tipo de navegador, sistema operativo, URL de referencia y otros datos de uso. Estos datos nos ayudan a analizar tendencias, gestionar el sitio, seguir la actividad de los usuarios y recopilar informaci\u00f3n demogr\u00e1fica con fines estad\u00edsticos.<\/p><\/li><\/ol><\/div><\/div><\/section><\/div><\/section><\/div><\/div><\/div>\t\t\t\t\t\t\t\t<\/div>\n\t\t\t\t<\/div>\n\t\t\t\t<div class=\"elementor-element elementor-element-1d32bc5 elementor-widget elementor-widget-heading\" data-id=\"1d32bc5\" data-element_type=\"widget\" data-e-type=\"widget\" data-widget_type=\"heading.default\">\n\t\t\t\t<div class=\"elementor-widget-container\">\n\t\t\t\t\t<h2 class=\"elementor-heading-title elementor-size-default\">C\u00f3mo utilizamos sus datos:\n\n<\/h2>\t\t\t\t<\/div>\n\t\t\t\t<\/div>\n\t\t\t\t<div class=\"elementor-element elementor-element-6ff15c6 elementor-widget elementor-widget-text-editor\" data-id=\"6ff15c6\" data-element_type=\"widget\" data-e-type=\"widget\" data-widget_type=\"text-editor.default\">\n\t\t\t\t<div class=\"elementor-widget-container\">\n\t\t\t\t\t\t\t\t\t<ol><li><p>Proporcionar productos y servicios: Utilizamos su informaci\u00f3n personal para procesar y satisfacer sus pedidos, entregar productos, ofrecer atenci\u00f3n al cliente y atender cualquier consulta relacionada con sus compras.<\/p><\/li><li><p>Comunicaciones de marketing: Con su consentimiento, podemos utilizar su informaci\u00f3n de contacto para enviarle correos electr\u00f3nicos promocionales o boletines informativos sobre nuestros productos, servicios y ofertas especiales. Puede darse de baja de estas comunicaciones en cualquier momento siguiendo las instrucciones para darse de baja proporcionadas en los correos electr\u00f3nicos o poni\u00e9ndose en contacto con nosotros directamente.<\/p><\/li><li><p>Mejorar la experiencia del usuario: Utilizamos la informaci\u00f3n de uso del sitio web para mejorar su funcionalidad, identificar y rectificar problemas t\u00e9cnicos y mejorar la experiencia general del usuario.<\/p><\/li><li><p>Cumplimiento legal: Su informaci\u00f3n puede ser procesada para cumplir con las leyes, reglamentos y procedimientos legales aplicables o para responder a una solicitud legal de las autoridades policiales o gubernamentales.<\/p><\/li><\/ol>\t\t\t\t\t\t\t\t<\/div>\n\t\t\t\t<\/div>\n\t\t\t\t<div class=\"elementor-element elementor-element-3d436e0 elementor-widget elementor-widget-heading\" data-id=\"3d436e0\" data-element_type=\"widget\" data-e-type=\"widget\" data-widget_type=\"heading.default\">\n\t\t\t\t<div class=\"elementor-widget-container\">\n\t\t\t\t\t<h2 class=\"elementor-heading-title elementor-size-default\">C\u00f3mo compartimos su informaci\u00f3n:\n\n<\/h2>\t\t\t\t<\/div>\n\t\t\t\t<\/div>\n\t\t\t\t<div class=\"elementor-element elementor-element-db3d6bd elementor-widget elementor-widget-text-editor\" data-id=\"db3d6bd\" data-element_type=\"widget\" data-e-type=\"widget\" data-widget_type=\"text-editor.default\">\n\t\t\t\t<div class=\"elementor-widget-container\">\n\t\t\t\t\t\t\t\t\t<ol><li><p>Terceros proveedores de servicios: Podemos compartir su informaci\u00f3n personal con terceros proveedores de servicios de confianza que nos ayudan a operar nuestro negocio. Entre ellos se incluyen procesadores de pagos, empresas de transporte y proveedores de servicios de atenci\u00f3n al cliente. Estos socios tienen acceso a sus datos \u00fanicamente para realizar tareas espec\u00edficas en nuestro nombre y est\u00e1n obligados a no divulgarlos ni utilizarlos para otros fines.<\/p><\/li><li><p>Transferencias comerciales: En caso de que Shipping Containers UK Limited se someta a una fusi\u00f3n, adquisici\u00f3n o venta de activos, su informaci\u00f3n personal puede incluirse como parte de los activos transferidos.<\/p><\/li><li><p>Obligaciones legales: Su informaci\u00f3n puede ser divulgada para cumplir con las leyes, reglamentos, procesos legales o solicitudes gubernamentales aplicables.<\/p><\/li><\/ol>\t\t\t\t\t\t\t\t<\/div>\n\t\t\t\t<\/div>\n\t\t\t\t<div class=\"elementor-element elementor-element-49690b1 elementor-widget elementor-widget-heading\" data-id=\"49690b1\" data-element_type=\"widget\" data-e-type=\"widget\" data-widget_type=\"heading.default\">\n\t\t\t\t<div class=\"elementor-widget-container\">\n\t\t\t\t\t<h2 class=\"elementor-heading-title elementor-size-default\">Seguridad de su informaci\u00f3n:\n\n<\/h2>\t\t\t\t<\/div>\n\t\t\t\t<\/div>\n\t\t\t\t<div class=\"elementor-element elementor-element-3227436 elementor-widget elementor-widget-text-editor\" data-id=\"3227436\" data-element_type=\"widget\" data-e-type=\"widget\" data-widget_type=\"text-editor.default\">\n\t\t\t\t<div class=\"elementor-widget-container\">\n\t\t\t\t\t\t\t\t\t<p>Aplicamos medidas de seguridad razonables para proteger sus datos personales contra el acceso no autorizado, la alteraci\u00f3n, la divulgaci\u00f3n o la destrucci\u00f3n. No obstante, tenga en cuenta que ning\u00fan m\u00e9todo de transmisi\u00f3n de datos por Internet o de almacenamiento electr\u00f3nico es totalmente infalible, por lo que no podemos garantizar una seguridad absoluta.<\/p>\t\t\t\t\t\t\t\t<\/div>\n\t\t\t\t<\/div>\n\t\t\t\t<div class=\"elementor-element elementor-element-f4f34ce elementor-widget elementor-widget-heading\" data-id=\"f4f34ce\" data-element_type=\"widget\" data-e-type=\"widget\" data-widget_type=\"heading.default\">\n\t\t\t\t<div class=\"elementor-widget-container\">\n\t\t\t\t\t<h2 class=\"elementor-heading-title elementor-size-default\">Sus derechos:\n\n<\/h2>\t\t\t\t<\/div>\n\t\t\t\t<\/div>\n\t\t\t\t<div class=\"elementor-element elementor-element-36be692 elementor-widget elementor-widget-text-editor\" data-id=\"36be692\" data-element_type=\"widget\" data-e-type=\"widget\" data-widget_type=\"text-editor.default\">\n\t\t\t\t<div class=\"elementor-widget-container\">\n\t\t\t\t\t\t\t\t\t<p>Usted tiene derecho a acceder, corregir, actualizar y eliminar su informaci\u00f3n personal en poder de Shipping Containers UK Limited. Para ejercer cualquiera de estos derechos, p\u00f3ngase en contacto con nosotros utilizando la informaci\u00f3n que se facilita a continuaci\u00f3n.<\/p>\t\t\t\t\t\t\t\t<\/div>\n\t\t\t\t<\/div>\n\t\t\t\t<div class=\"elementor-element elementor-element-8daf289 elementor-widget elementor-widget-heading\" data-id=\"8daf289\" data-element_type=\"widget\" data-e-type=\"widget\" data-widget_type=\"heading.default\">\n\t\t\t\t<div class=\"elementor-widget-container\">\n\t\t\t\t\t<h2 class=\"elementor-heading-title elementor-size-default\">Cambios en esta Pol\u00edtica de Privacidad:\n\n<\/h2>\t\t\t\t<\/div>\n\t\t\t\t<\/div>\n\t\t\t\t<div class=\"elementor-element elementor-element-7be6187 elementor-widget elementor-widget-text-editor\" data-id=\"7be6187\" data-element_type=\"widget\" data-e-type=\"widget\" data-widget_type=\"text-editor.default\">\n\t\t\t\t<div class=\"elementor-widget-container\">\n\t\t\t\t\t\t\t\t\t<p>Podemos actualizar peri\u00f3dicamente esta Pol\u00edtica de Privacidad para reflejar cambios en nuestras pr\u00e1cticas o por razones operativas, legales o reglamentarias. Publicaremos la versi\u00f3n revisada de la Pol\u00edtica de Privacidad en nuestro sitio web y actualizaremos la \"Fecha de entrada en vigor\" en la parte superior de esta p\u00e1gina.<\/p>\t\t\t\t\t\t\t\t<\/div>\n\t\t\t\t<\/div>\n\t\t\t\t<div class=\"elementor-element elementor-element-e7c7d61 elementor-widget elementor-widget-heading\" data-id=\"e7c7d61\" data-element_type=\"widget\" data-e-type=\"widget\" data-widget_type=\"heading.default\">\n\t\t\t\t<div class=\"elementor-widget-container\">\n\t\t\t\t\t<h2 class=\"elementor-heading-title elementor-size-default\">P\u00f3ngase en contacto con nosotros:\n\n<\/h2>\t\t\t\t<\/div>\n\t\t\t\t<\/div>\n\t\t\t\t<div class=\"elementor-element elementor-element-b0f3de4 elementor-widget elementor-widget-text-editor\" data-id=\"b0f3de4\" data-element_type=\"widget\" data-e-type=\"widget\" data-widget_type=\"text-editor.default\">\n\t\t\t\t<div class=\"elementor-widget-container\">\n\t\t\t\t\t\t\t\t\t<div>\n<div>\n<div data-testid=\"conversation-turn-21\">\n<div>\n<div>\n<div>\n<div>\n<div>\n<div data-message-author-role=\"assistant\" data-message-id=\"b063f85c-6458-40fd-ba4b-bcc2fc135e81\">\n<div>\n<p>Si tiene alguna pregunta, duda o solicitud relacionada con esta Pol\u00edtica de Privacidad o nuestras pr\u00e1cticas de datos, p\u00f3ngase en contacto con nosotros en:<\/p>\n<p>Shipping Containers UK Limited,<\/p>\n<p><b>Address: 7 Stamford Square, Lancashire, Ashton-U-Lyne OL6 6QU<\/b><\/p>\n<p><b>Correo electr\u00f3nico: info@shippingcontainersuklimited.com<\/b><\/p>\n<p><b>Phone: +447476602938<\/b><\/p>\n<p>Al utilizar nuestro sitio web o facilitarnos sus datos, usted reconoce que ha le\u00eddo y comprendido esta Pol\u00edtica de Privacidad y acepta sus t\u00e9rminos.<\/p>\n<\/div>\n<\/div>\n<\/div>\n<\/div>\n<\/div>\n<\/div>\n<\/div>\n<\/div>\n<\/div>\n<\/div>\t\t\t\t\t\t\t\t<\/div>\n\t\t\t\t<\/div>\n\t\t\t\t\t<\/div>\n\t\t\t\t<\/div>\n\t\t\t\t<div class=\"elementor-element elementor-element-21774ae elementor-widget elementor-widget-spacer\" data-id=\"21774ae\" data-element_type=\"widget\" data-e-type=\"widget\" data-widget_type=\"spacer.default\">\n\t\t\t\t<div class=\"elementor-widget-container\">\n\t\t\t\t\t\t\t<div class=\"elementor-spacer\">\n\t\t\t<div class=\"elementor-spacer-inner\"><\/div>\n\t\t<\/div>\n\t\t\t\t\t\t<\/div>\n\t\t\t\t<\/div>\n\t\t\t\t\t<\/div>\n\t\t\t\t<\/div>\n\t\t\t\t<\/div>","protected":false},"excerpt":{"rendered":"<p>At Shipping Containers UK Limited, we are deeply committed to safeguarding your personal information&#8217;s privacy and security. This Privacy Policy lays out how we collect, use, disclose, and protect your data when you use our website, purchase our products, or engage with our services. By accessing our website or providing your information to us, you [&hellip;]<\/p>\n","protected":false},"author":1,"featured_media":0,"parent":0,"menu_order":0,"comment_status":"closed","ping_status":"open","template":"elementor_header_footer","meta":{"footnotes":""},"class_list":["post-3","page","type-page","status-publish","hentry"],"_links":{"self":[{"href":"https:\/\/shippingcontainersuklimited.com\/es\/wp-json\/wp\/v2\/pages\/3","targetHints":{"allow":["GET"]}}],"collection":[{"href":"https:\/\/shippingcontainersuklimited.com\/es\/wp-json\/wp\/v2\/pages"}],"about":[{"href":"https:\/\/shippingcontainersuklimited.com\/es\/wp-json\/wp\/v2\/types\/page"}],"author":[{"embeddable":true,"href":"https:\/\/shippingcontainersuklimited.com\/es\/wp-json\/wp\/v2\/users\/1"}],"replies":[{"embeddable":true,"href":"https:\/\/shippingcontainersuklimited.com\/es\/wp-json\/wp\/v2\/comments?post=3"}],"version-history":[{"count":25,"href":"https:\/\/shippingcontainersuklimited.com\/es\/wp-json\/wp\/v2\/pages\/3\/revisions"}],"predecessor-version":[{"id":7492,"href":"https:\/\/shippingcontainersuklimited.com\/es\/wp-json\/wp\/v2\/pages\/3\/revisions\/7492"}],"wp:attachment":[{"href":"https:\/\/shippingcontainersuklimited.com\/es\/wp-json\/wp\/v2\/media?parent=3"}],"curies":[{"name":"wp","href":"https:\/\/api.w.org\/{rel}","templated":true}]}}