{"id":5669,"date":"2023-12-20T04:50:00","date_gmt":"2023-12-20T04:50:00","guid":{"rendered":"https:\/\/shippingcontainersuklimited.com\/product\/shipping-container-cafe-container-restaurants\/"},"modified":"2024-08-14T19:03:57","modified_gmt":"2024-08-14T19:03:57","slug":"shipping-container-cafe-uk","status":"publish","type":"product","link":"https:\/\/shippingcontainersuklimited.com\/de\/produkt\/shipping-container-cafe-uk\/","title":{"rendered":"Schiffscaf\u00e9 - Container-Restaurants"},"content":{"rendered":"<h2>shipping container cafe for sale uk<\/h2>\n<p><strong>Einleitung:<\/strong> Das Versandcontainer-Caf\u00e9, das in Gro\u00dfbritannien zum Verkauf steht, revolutioniert das Konzept des modularen Essens und verbindet Funktionalit\u00e4t mit innovativem Design, um ein einzigartiges kulinarisches Erlebnis zu bieten. Diese umweltfreundliche L\u00f6sung verwandelt Schiffscontainer in stilvolle, vielseitige Caf\u00e9s, die dem Wunsch des modernen Verbrauchers nach schnellen, nachhaltigen und \u00e4sthetisch ansprechenden Speisem\u00f6glichkeiten gerecht werden.<\/p>\n<p><strong>Entwurf und Konstruktion:<\/strong> Jeder zum Verkauf stehende Schiffscontainer wird aus hochwertigen, wiederverwendeten Stahlcontainern hergestellt, die an die spezifischen Anforderungen eines belebten Caf\u00e9s angepasst wurden. Das Design legt Wert auf Langlebigkeit und Stil, mit korrosionsbest\u00e4ndigen Beschichtungen, die Langlebigkeit und Widerstandsf\u00e4higkeit gegen alle Wetterbedingungen gew\u00e4hrleisten. Der Innenraum kann mit verschiedenen Oberfl\u00e4chen gestaltet werden, von rustikalem Holz bis hin zu glatten, modernen Metallen, und bietet so eine Leinwand, die die Marke und den Stil des Besitzers widerspiegelt.<\/p>\n<p><strong>Eigenschaften und Annehmlichkeiten:<\/strong><\/p>\n<ul>\n<li><strong>Anpassbare Layouts:<\/strong> Die Caf\u00e9s sind in den Standardgr\u00f6\u00dfen 20ft und 40ft erh\u00e4ltlich, wobei das Layout individuell angepasst werden kann. Dazu geh\u00f6ren die Platzierung von T\u00fcren, Fenstern und Innenw\u00e4nden, die so angeordnet werden k\u00f6nnen, dass sie K\u00fcchenr\u00e4ume, Sitzbereiche und Servicetheken beherbergen.<\/li>\n<li><strong>Vollst\u00e4ndig ausgestattet:<\/strong> Jedes Caf\u00e9 ist mit den wichtigsten Sanit\u00e4r- und Elektrosystemen ausgestattet, einschlie\u00dflich vorinstallierter Beleuchtung, Steckdosen und hochwertiger Isolierung, um Energieeffizienz und Komfort in allen Jahreszeiten zu gew\u00e4hrleisten.<\/li>\n<li><strong>Umweltvertr\u00e4glich:<\/strong> Die Nutzung von Sonnenkollektoren und Regenwassersammelsystemen kann integriert werden, um die Auswirkungen auf die Umwelt zu minimieren, was diese Caf\u00e9s ideal f\u00fcr Standorte macht, die der Nachhaltigkeit verpflichtet sind.<\/li>\n<li><strong>Mobilit\u00e4t:<\/strong> Diese f\u00fcr den einfachen Transport konzipierten Container-Caf\u00e9s k\u00f6nnen von einem Ort zum anderen transportiert werden und bieten somit Flexibilit\u00e4t f\u00fcr Unternehmen, die an mehreren Standorten oder bei verschiedenen Veranstaltungen im Laufe des Jahres t\u00e4tig sind.<\/li>\n<\/ul>\n<p><strong>Operative Vorteile:<\/strong><\/p>\n<ul>\n<li><strong>Geschwindigkeit der Konstruktion:<\/strong> Im Gegensatz zu herk\u00f6mmlichen Geb\u00e4uden kann das \"shipping container cafe for sale uk\" innerhalb weniger Wochen geliefert und eingerichtet werden, was die Zeit vom Konzept bis zum Betrieb erheblich verk\u00fcrzt.<\/li>\n<li><strong>Kosteng\u00fcnstig:<\/strong> Mit einer geringeren Anfangsinvestition als bei traditionellen Betrieben bieten diese Container-Caf\u00e9s eine kosteng\u00fcnstige L\u00f6sung f\u00fcr Unternehmer.<\/li>\n<li><strong>Vielseitigkeit:<\/strong> Diese Container eignen sich perfekt f\u00fcr st\u00e4dtische D\u00e4cher, Parks, Str\u00e4nde oder als Erweiterung eines bestehenden Restaurants. Sie passen in kleine oder ungew\u00f6hnliche R\u00e4ume und maximieren das Standortpotenzial.<\/li>\n<\/ul>\n<p><strong>Anwendungen:<\/strong><\/p>\n<ul>\n<li><strong>Pop-Up-Caf\u00e9s:<\/strong> Ideal f\u00fcr Saisonbetriebe, Festivals oder besondere Veranstaltungen, bei denen tempor\u00e4re, stilvolle Verpflegungsm\u00f6glichkeiten ben\u00f6tigt werden.<\/li>\n<li><strong>Permanente Installationen:<\/strong> Ideal f\u00fcr Unternehmer, die in stark frequentierten Gebieten eine Pr\u00e4senz aufbauen wollen, ohne sich zu einem dauerhaften Bau verpflichten zu m\u00fcssen.<\/li>\n<li><strong>Bestehende Restaurants ausbauen:<\/strong> Kann zur Erweiterung der Sitzpl\u00e4tze oder des Servicebereichs bestehender Restaurants verwendet werden, insbesondere dort, wo Au\u00dfengastronomie beliebt ist.<\/li>\n<\/ul>\n<p><strong>Schlussfolgerung: <a href=\"https:\/\/shippingcontainersuklimited.com\/de\/\">shipping containers uk limited \u00a0<\/a><\/strong><b>containers uk limited bietet<\/b>\u00a0<a href=\"https:\/\/www.ebay.co.uk\/itm\/223994299154\" target=\"_blank\" rel=\"noopener\">shipping container cafe for sale uk<\/a> ist mehr als nur ein Speiselokal; es ist eine moderne, tragbare L\u00f6sung, die auf die wachsende Nachfrage nach innovativen und nachhaltigen Gesch\u00e4ftspraktiken eingeht. Es bietet Unternehmern die einzigartige M\u00f6glichkeit, schnell und effizient in den Foodservice-Markt einzusteigen, und zwar mit einem Produkt, das nicht nur funktional und wirtschaftlich ist, sondern auch mit den globalen Nachhaltigkeitszielen \u00fcbereinstimmt.<\/p>\n<p>Diese ausf\u00fchrliche Beschreibung zeigt, wie Schiffscaf\u00e9s die Lebensmittel- und Getr\u00e4nkeindustrie ver\u00e4ndern, indem sie eine stilvolle, nachhaltige und kosteneffiziente Alternative zu herk\u00f6mmlichen Restaurantr\u00e4umen bieten.<\/p>","protected":false},"excerpt":{"rendered":"<p>shipping container cafe for sale uk Introduction: The shipping container cafe for sale in uk revolutionises the concept of modular dining, blending functionality with innovative design to deliver a unique culinary experience. This eco-friendly solution repurposes shipping containers into stylish, versatile cafes that cater to the modern consumer\u2019s desire for quick, sustainable, and aesthetically pleasing [&hellip;]<\/p>\n","protected":false},"featured_media":5668,"comment_status":"open","ping_status":"closed","template":"","meta":[],"product_brand":[],"product_cat":[88],"product_tag":[],"class_list":{"0":"post-5669","1":"product","2":"type-product","3":"status-publish","4":"has-post-thumbnail","6":"product_cat-20ft-containers","8":"first","9":"instock","10":"shipping-taxable","11":"purchasable","12":"product-type-simple"},"_links":{"self":[{"href":"https:\/\/shippingcontainersuklimited.com\/de\/wp-json\/wp\/v2\/product\/5669","targetHints":{"allow":["GET"]}}],"collection":[{"href":"https:\/\/shippingcontainersuklimited.com\/de\/wp-json\/wp\/v2\/product"}],"about":[{"href":"https:\/\/shippingcontainersuklimited.com\/de\/wp-json\/wp\/v2\/types\/product"}],"replies":[{"embeddable":true,"href":"https:\/\/shippingcontainersuklimited.com\/de\/wp-json\/wp\/v2\/comments?post=5669"}],"wp:featuredmedia":[{"embeddable":true,"href":"https:\/\/shippingcontainersuklimited.com\/de\/wp-json\/wp\/v2\/media\/5668"}],"wp:attachment":[{"href":"https:\/\/shippingcontainersuklimited.com\/de\/wp-json\/wp\/v2\/media?parent=5669"}],"wp:term":[{"taxonomy":"product_brand","embeddable":true,"href":"https:\/\/shippingcontainersuklimited.com\/de\/wp-json\/wp\/v2\/product_brand?post=5669"},{"taxonomy":"product_cat","embeddable":true,"href":"https:\/\/shippingcontainersuklimited.com\/de\/wp-json\/wp\/v2\/product_cat?post=5669"},{"taxonomy":"product_tag","embeddable":true,"href":"https:\/\/shippingcontainersuklimited.com\/de\/wp-json\/wp\/v2\/product_tag?post=5669"}],"curies":[{"name":"wp","href":"https:\/\/api.w.org\/{rel}","templated":true}]}}