{"id":5467,"date":"2023-12-20T04:49:00","date_gmt":"2023-12-20T04:49:00","guid":{"rendered":"https:\/\/shippingcontainersuklimited.com\/product\/20ft-high-cube-container-9%e2%80%b2-6%e2%80%b3-high-suitable-for-ibc-storage\/"},"modified":"2024-08-12T12:54:06","modified_gmt":"2024-08-12T12:54:06","slug":"20ft-high-cube-container-9%e2%80%b2-6%e2%80%b3-high-suitable-for-ibc-storage","status":"publish","type":"product","link":"https:\/\/shippingcontainersuklimited.com\/de\/produkt\/20ft-high-cube-container-9%e2%80%b2-6%e2%80%b3-high-suitable-for-ibc-storage\/","title":{"rendered":"20ft High Cube Container (9\u2032 6\u2033 hoch) geeignet f\u00fcr IBC Lagerung"},"content":{"rendered":"<div class=\"woocommerce-tabs wc-tabs-wrapper\">\n<div aria-labelledby=\"tab-title-description\" role=\"tabpanel\" class=\"woocommerce-Tabs-panel woocommerce-Tabs-panel--description panel entry-content wc-tab\" id=\"tab-description\">\n<p>20ft x 8ft one trip High Cube (9ft 6\u2032) Versandcontainer zu verkaufen. Ideal f\u00fcr IBC Tank Lagerung. Dieser Lagercontainer wird 16 x 1000ltr IBC's innen passen.<br \/>\nNeuer 20ft High Cube Container (f\u00fcr IBC-Lagerung) EIGENSCHAFTEN<br \/>\nNeu - Nur eine Fahrt<br \/>\nIdeal f\u00fcr IBC-Tanklager durch zus\u00e4tzliche H\u00f6he<br \/>\nCSC plattiert (Bruttogewicht) max: 30 Tonnen<br \/>\nKonstruktion aus Cor-Ten-Stahl<br \/>\nDoppelt\u00fcren mit Scharnieren au\u00dfen an einem Ende von 8 Fu\u00df und an einer Seite von 20 Fu\u00df<br \/>\nZwei Verriegelungsstangen an jeder T\u00fcr<br \/>\nWerkseitig eingebaute Schlie\u00dff\u00e4cher<br \/>\n2 x Gabelstaplertaschen auf jeder Seite<br \/>\nBoden aus 28 mm Marinesperrholz auf Stahlquertr\u00e4gern<br \/>\n4 \u00d6ffnungen<\/p>\n<\/div>\n<\/div>","protected":false},"excerpt":{"rendered":"<p>Neuer (einmaliger) 20ft hoher W\u00fcrfel (9ft 6\u2032) Versandcontainer ideal f\u00fcr IBC-Lagerung<\/p>","protected":false},"featured_media":5466,"comment_status":"open","ping_status":"closed","template":"","meta":[],"product_brand":[],"product_cat":[88,103,106],"product_tag":[],"class_list":{"0":"post-5467","1":"product","2":"type-product","3":"status-publish","4":"has-post-thumbnail","6":"product_cat-20ft-containers","7":"product_cat-containers-for-export","8":"product_cat-high-cube-containers","10":"first","11":"instock","12":"shipping-taxable","13":"purchasable","14":"product-type-simple"},"_links":{"self":[{"href":"https:\/\/shippingcontainersuklimited.com\/de\/wp-json\/wp\/v2\/product\/5467","targetHints":{"allow":["GET"]}}],"collection":[{"href":"https:\/\/shippingcontainersuklimited.com\/de\/wp-json\/wp\/v2\/product"}],"about":[{"href":"https:\/\/shippingcontainersuklimited.com\/de\/wp-json\/wp\/v2\/types\/product"}],"replies":[{"embeddable":true,"href":"https:\/\/shippingcontainersuklimited.com\/de\/wp-json\/wp\/v2\/comments?post=5467"}],"wp:featuredmedia":[{"embeddable":true,"href":"https:\/\/shippingcontainersuklimited.com\/de\/wp-json\/wp\/v2\/media\/5466"}],"wp:attachment":[{"href":"https:\/\/shippingcontainersuklimited.com\/de\/wp-json\/wp\/v2\/media?parent=5467"}],"wp:term":[{"taxonomy":"product_brand","embeddable":true,"href":"https:\/\/shippingcontainersuklimited.com\/de\/wp-json\/wp\/v2\/product_brand?post=5467"},{"taxonomy":"product_cat","embeddable":true,"href":"https:\/\/shippingcontainersuklimited.com\/de\/wp-json\/wp\/v2\/product_cat?post=5467"},{"taxonomy":"product_tag","embeddable":true,"href":"https:\/\/shippingcontainersuklimited.com\/de\/wp-json\/wp\/v2\/product_tag?post=5467"}],"curies":[{"name":"wp","href":"https:\/\/api.w.org\/{rel}","templated":true}]}}